{"id":21749,"date":"2025-05-20T18:26:40","date_gmt":"2025-05-20T18:26:40","guid":{"rendered":"https:\/\/electricstore.eu\/p\/uncategorized\/fossibot-sp420-420w-portable-fordable-solar-panel-23-4-conversion-efficiency-ip67-waterproof-for-portable-power-station\/"},"modified":"2025-05-20T18:26:46","modified_gmt":"2025-05-20T18:26:46","slug":"fossibot-sp420-420w-portable-fordable-solar-panel-23-4-conversion-efficiency-ip67-waterproof-for-portable-power-station","status":"publish","type":"product","link":"https:\/\/electricstore.eu\/da\/p\/batteries\/foldable-solar-panels\/fossibot-sp420-420w-portable-fordable-solar-panel-23-4-conversion-efficiency-ip67-waterproof-for-portable-power-station\/","title":{"rendered":"FOSSiBOT SP420 420W B\u00e6rbart Solpanel med 23.4% Konverteringseffektivitet IP67 Vandt\u00e6t Til B\u00e6rbart Kraftv\u00e6rk"},"content":{"rendered":"<div class=\"product-specs-list-container\">\n<ul class=\"product-specs-list util-clearfix\">\n<li class=\"product-prop line-limit-length\"><span\n                                        class=\"property-title\">M\u00e6rke:&nbsp;<\/span><span\n                                        class=\"property-desc line-limit-length\">FOSSiBOT<\/span>\n                            <\/li>\n<li class=\"product-prop line-limit-length\"><span\n                                        class=\"property-title\">Type:&nbsp;<\/span><span\n                                        class=\"property-desc line-limit-length\">Solpanel<\/span>\n                            <\/li>\n<li class=\"product-prop line-limit-length\"><span\n                                        class=\"property-title\">Model:&nbsp;<\/span><span\n                                        class=\"property-desc line-limit-length\">SP420<\/span>\n                            <\/li>\n<li class=\"product-prop line-limit-length\"><span\n                                        class=\"property-title\">Spidseffekt:&nbsp;<\/span><span\n                                        class=\"property-desc line-limit-length\">420W (105W*4)<\/span>\n                            <\/li>\n<li class=\"product-prop line-limit-length\"><span\n                                        class=\"property-title\">Celletype:&nbsp;<\/span><span\n                                        class=\"property-desc line-limit-length\">MonoCell (182*182mm)<\/span>\n                            <\/li>\n<li class=\"product-prop line-limit-length\"><span\n                                        class=\"property-title\">Konverteringseffektivitet:&nbsp;<\/span><span\n                                        class=\"property-desc line-limit-length\">23.4%<\/span>\n                            <\/li>\n<li class=\"product-prop line-limit-length\"><span\n                                        class=\"property-title\">Imp:&nbsp;<\/span><span\n                                        class=\"property-desc line-limit-length\">13.1A<\/span>\n                            <\/li>\n<\/ul><\/div>\n<p><strong><span style=\"font-size:24px\"><span style=\"font-family:&quot;times new roman&quot;, times, serif\">&gt;&gt;H\u00f8jdepunkter<\/span><\/span><\/strong><img decoding=\"async\" style=\"border:0px;margin:0px;margin-bottom:0px;margin-top:0px;margin-left:0px;margin-right:0px;padding:0px;padding-bottom:0px;padding-top:0px;padding-left:0px;padding-right:0px;max-width:100%;box-sizing:border-box\" src=\"https:\/\/ae01.alicdn.com\/kf\/Hfe87bce67f2e4de3a1d571ce40c2f920X.jpg\" slate-data-type=\"image\"\/><br \/><span style=\"font-size:18px;font-family:&quot;times new roman&quot;, times, serif\"><strong>23.4% H\u00f8j solkonverteringseffektivitet<\/strong><\/span><span style=\"font-size:18px;font-family:&quot;times new roman&quot;, times, serif\"><br \/>Med<br \/> op til 23,4% h\u00f8jeffektive monokrystallinske solceller, SP420 yder<br \/> bedre end polykrystallinske solpaneler med samme vurdering ved svagt lys <br \/>forhold. Det giver dig mulighed for at nyde dine udend\u00f8rs eventyr og absorbere <br \/>solenergi under vandreture, camping, autocampere, trailere, b\u00e5de, skure og <br \/>hytter.<\/span><\/p>\n<p><span style=\"font-size:18px;font-family:&quot;times new roman&quot;, times, serif\"><strong>Holdbar, vandt\u00e6t og ridsefast<\/strong><\/span><span style=\"font-size:18px;font-family:&quot;times new roman&quot;, times, serif\"><br \/>Adopterer<br \/> holdbar EFTE-bel\u00e6gning p\u00e5 overfladen, den er mere holdbar og <br \/>ridsefast. Panelet er ogs\u00e5 fremstillet i overensstemmelse med<br \/> IP67 vandt\u00e6thedsstandard, hvilket g\u00f8r den ideel til udend\u00f8rsaktiviteter, f.eks. <br \/>som camping, klatring, vandreture og selv i d\u00e5rlige vejrforhold.<\/span><\/p>\n<p><span style=\"font-size:18px;font-family:&quot;times new roman&quot;, times, serif\"><strong>Bred kompatibilitet<\/strong><\/span><span style=\"font-size:18px;font-family:&quot;times new roman&quot;, times, serif\"><br \/>SP420<br \/> passer perfekt til FOSSiBOT F3600. Med 4 SP420 solpaneler, F3600<br \/> kan oplades fuldt p\u00e5 cirka 2 timer og 16 minutter. Ved at bruge en 3-i-1 <br \/>solcelleopladekabel, dette 420W solpanel er designet til brug med <br \/>de fleste solcellegeneratorer p\u00e5 markedet.<\/span><\/p>\n<p><span style=\"font-size:18px;font-family:&quot;times new roman&quot;, times, serif\"><strong>Sammenklappelig og b\u00e6rbar<\/strong><\/span><span style=\"font-size:18px;font-family:&quot;times new roman&quot;, times, serif\"><br \/>Med<br \/> en sammenfoldet st\u00f8rrelse p\u00e5 55 x 103,6 cm og en v\u00e6gt p\u00e5 kun 13,97 kg, den <br \/>FOSSiBOT SP420 er nem at transportere og installere for alle. Den har ogs\u00e5 <br \/>justerbare st\u00f8tteben, der g\u00f8r det muligt at justere solpanelet <br \/>if\u00f8lge solen.<\/span><\/p>\n<p><\/p>\n<p><strong><span style=\"font-size:24px\"><span style=\"font-family:&quot;times new roman&quot;, times, serif\">&gt;&gt;Specifikation<\/span><\/span><\/strong><img decoding=\"async\" style=\"border:0px;margin:0px;margin-bottom:0px;margin-top:0px;margin-left:0px;margin-right:0px;padding:0px;padding-bottom:0px;padding-top:0px;padding-left:0px;padding-right:0px;max-width:100%;box-sizing:border-box\" src=\"https:\/\/ae01.alicdn.com\/kf\/Hfe87bce67f2e4de3a1d571ce40c2f920X.jpg\" slate-data-type=\"image\"\/><\/p>\n<table style=\"border-collapse:collapse;font-family:&quot;Microsoft YaHei&quot;;width:1000px\" class=\"jbEidtTable\" border=\"1\" cellpadding=\"5\" cellspacing=\"0\">\n<tbody>\n<tr>\n<td style=\"font-size:14px;text-align:left\" align=\"left\">\n<p><span style=\"font-size:18px;font-family:&quot;times new roman&quot;, times, serif\"><strong>Generel<\/strong><\/span><\/p>\n<\/td>\n<td style=\"font-size:14px;text-align:left\" align=\"left\">\n<p><span style=\"font-size:18px;font-family:&quot;times new roman&quot;, times, serif\">M\u00e6rke: FOSSiBOT<br \/>Type: Solpanel<br \/>Model: SP420<br \/>Farve: Sort<\/span><\/p>\n<\/td>\n<\/tr>\n<tr>\n<td style=\"font-size:14px;text-align:left\" align=\"left\">\n<p><span style=\"font-size:18px;font-family:&quot;times new roman&quot;, times, serif\"><strong>Specifikation<\/strong><\/span><\/p>\n<\/td>\n<td style=\"font-size:14px;text-align:left\" align=\"left\">\n<p><span style=\"font-size:18px;font-family:&quot;times new roman&quot;, times, serif\">Maksimal effekt: 420W (105W*4)<br \/>Celletype: MonoCell (182*182mm)<br \/>Konverteringseffektivitet: 23,4%<br \/>Sp\u00e6ndingsstyrke: 32V<br \/>Imp: 13,1A<br \/>Voc: 38,4V<br \/>Isc: 15,7A<br \/>Udgangsport: MC4<br \/>Arbejdstemperatur: -10 \u2013 65 grader Celsius<br \/>Opbevaringstemperatur: -10 \u2013 65 grader Celsius<br \/>Samlet transmittans: 97%<br \/>Fugtpermeabilitet: 40 grader Celsius \/ 90%RH g\/M\u00b2. Dag<br \/>Vandabsorptionshastighed: 2,5% (24 timer)<br \/>Teststandardbetingelser: Am1.5 25Celsius 1000W\/\u33a1<br \/>En-til-tre-overf\u00f8rselskabling: G\u00e6lder for alle FOSSiBOT-str\u00f8mforsyningsprodukter, men ogs\u00e5 for andre energim\u00e6rker<br \/>str\u00f8mforsyning til opbevaring<\/span><\/p>\n<\/td>\n<\/tr>\n<tr>\n<td style=\"font-size:14px;text-align:left\" align=\"left\">\n<p><span style=\"font-size:18px;font-family:&quot;times new roman&quot;, times, serif\"><strong>V\u00e6gt og st\u00f8rrelse<\/strong><\/span><\/p>\n<\/td>\n<td style=\"font-size:14px;text-align:left\" align=\"left\">\n<p><span style=\"font-size:18px;font-family:&quot;times new roman&quot;, times, serif\">Produktv\u00e6gt: 13,97 kg<br \/>Pakkev\u00e6gt: 15 kg<br \/>Foldet st\u00f8rrelse: 550 * 1036 mm<br \/>Udfoldet st\u00f8rrelse: 2231 * 1036 mm<br \/>Pakkest\u00f8rrelse (L x B x H): 1070 * 135 * 800 mm<\/span><\/p>\n<\/td>\n<\/tr>\n<tr>\n<td style=\"font-size:14px;text-align:left\" align=\"left\">\n<p><span style=\"font-size:18px;font-family:&quot;times new roman&quot;, times, serif\"><strong>Pakkens indhold<\/strong><\/span><\/p>\n<\/td>\n<td style=\"font-size:14px;text-align:left\" align=\"left\">\n<p><span style=\"font-size:18px;font-family:&quot;times new roman&quot;, times, serif\">1 x solpanel<br \/>1 x Brugermanual<\/span><\/p>\n<\/td>\n<\/tr>\n<\/tbody>\n<\/table>\n<p><\/p>\n<p><strong><span style=\"font-size:24px\"><span style=\"font-family:&quot;times new roman&quot;, times, serif\">&gt;&gt;Produktbilleder og beskrivelser<\/span><\/span><\/strong><img decoding=\"async\" style=\"border:0px;margin:0px;margin-bottom:0px;margin-top:0px;margin-left:0px;margin-right:0px;padding:0px;padding-bottom:0px;padding-top:0px;padding-left:0px;padding-right:0px;max-width:100%;box-sizing:border-box\" src=\"https:\/\/ae01.alicdn.com\/kf\/H6fdde27b326346899cab45b03bea157bQ.jpg\" slate-data-type=\"image\"\/><span style=\"background-color:rgb(204, 204, 204);color:rgb(0, 0, 0);font-size:20px;font-family:&quot;lucida sans unicode&quot;, &quot;lucida grande&quot;, sans-serif\"><br \/><\/span><\/p>\n<p><img decoding=\"async\" src=\"https:\/\/ae01.alicdn.com\/kf\/Sd649baf48ab14635aad771be18e7484ek.jpg\" slate-data-type=\"image\"\/><img decoding=\"async\" src=\"https:\/\/ae01.alicdn.com\/kf\/S7b7ea5ce13f44ede939798e5528e24f1M.jpg\" slate-data-type=\"image\"\/><img decoding=\"async\" src=\"https:\/\/ae01.alicdn.com\/kf\/S73cb22d28fea4a10a1a2191d494e9214H.jpg\" slate-data-type=\"image\"\/><img decoding=\"async\" src=\"https:\/\/ae01.alicdn.com\/kf\/Se5235b927c7d4dfaa6cde3481fbfa267L.jpg\" slate-data-type=\"image\"\/><img decoding=\"async\" src=\"https:\/\/ae01.alicdn.com\/kf\/Sbb573d0f62bf4aa0b94d65252d4936a7I.jpg\" slate-data-type=\"image\"\/><img decoding=\"async\" src=\"https:\/\/ae01.alicdn.com\/kf\/Sa3c4283275364fbb9f56c624ea651c21L.jpg\" slate-data-type=\"image\"\/><img decoding=\"async\" src=\"https:\/\/ae01.alicdn.com\/kf\/Se6aa656251e84d04ab98a4860e0065855.jpg\" slate-data-type=\"image\"\/><img decoding=\"async\" src=\"https:\/\/ae01.alicdn.com\/kf\/S4ecbe3aa6d57459d827647dbdcf6b0645.jpg\" slate-data-type=\"image\"\/><\/p>","protected":false},"excerpt":{"rendered":"<p>Brand:&nbsp;FOSSiBOT Type:&nbsp;Solar Panel Model:&nbsp;SP420 Peak Power:&nbsp;420W (105W*4) Cell Type:&nbsp;MonoCell (182*182mm) Conversion Efficiency:&nbsp;23.4% Imp:&nbsp;13.1A &gt;&gt;Highlights23.4% High Solar Conversion EfficiencyWith up to 23.4% high-efficiency monocrystalline solar cells, SP420 performs better than similarly<\/p>","protected":false},"featured_media":21750,"comment_status":"open","ping_status":"closed","template":"","meta":{"_acf_changed":false},"product_brand":[],"product_cat":[531],"product_tag":[],"class_list":{"0":"post-21749","1":"product","2":"type-product","3":"status-publish","4":"has-post-thumbnail","6":"product_cat-foldable-solar-panels","8":"first","9":"instock","10":"shipping-taxable","11":"purchasable","12":"product-type-simple"},"acf":[],"_links":{"self":[{"href":"https:\/\/electricstore.eu\/da\/wp-json\/wp\/v2\/product\/21749","targetHints":{"allow":["GET"]}}],"collection":[{"href":"https:\/\/electricstore.eu\/da\/wp-json\/wp\/v2\/product"}],"about":[{"href":"https:\/\/electricstore.eu\/da\/wp-json\/wp\/v2\/types\/product"}],"replies":[{"embeddable":true,"href":"https:\/\/electricstore.eu\/da\/wp-json\/wp\/v2\/comments?post=21749"}],"wp:featuredmedia":[{"embeddable":true,"href":"https:\/\/electricstore.eu\/da\/wp-json\/wp\/v2\/media\/21750"}],"wp:attachment":[{"href":"https:\/\/electricstore.eu\/da\/wp-json\/wp\/v2\/media?parent=21749"}],"wp:term":[{"taxonomy":"product_brand","embeddable":true,"href":"https:\/\/electricstore.eu\/da\/wp-json\/wp\/v2\/product_brand?post=21749"},{"taxonomy":"product_cat","embeddable":true,"href":"https:\/\/electricstore.eu\/da\/wp-json\/wp\/v2\/product_cat?post=21749"},{"taxonomy":"product_tag","embeddable":true,"href":"https:\/\/electricstore.eu\/da\/wp-json\/wp\/v2\/product_tag?post=21749"}],"curies":[{"name":"wp","href":"https:\/\/api.w.org\/{rel}","templated":true}]}}