{"id":21747,"date":"2025-05-20T18:26:38","date_gmt":"2025-05-20T18:26:38","guid":{"rendered":"https:\/\/electricstore.eu\/p\/uncategorized\/fossibot-f3600-pro-3600w-pure-sine-wave-power-station-13-output-ports-11520wh-expansion-app-control-energy-storage-power-station-solar-charge-1-5h-full-charge\/"},"modified":"2025-05-20T18:26:39","modified_gmt":"2025-05-20T18:26:39","slug":"fossibot-f3600-pro-3600w-pure-sine-wave-power-station-13-output-ports-11520wh-expansion-app-control-energy-storage-power-station-solar-charge-1-5h-full-charge","status":"publish","type":"product","link":"https:\/\/electricstore.eu\/da\/p\/batteries\/portable-power-stations\/fossibot-f3600-pro-3600w-pure-sine-wave-power-station-13-output-ports-11520wh-expansion-app-control-energy-storage-power-station-solar-charge-1-5h-full-charge\/","title":{"rendered":"Fossibot F3600 Pro 3600W ren sinusb\u00f8lge kraftv\u00e6rk 13 udgangsporte 11520Wh udvidelse app-styring energilagring kraftv\u00e6rk solcelleopladning 1,5 timers fuld opladning"},"content":{"rendered":"<div class=\"product-specs-list-container\">\n<ul class=\"product-specs-list util-clearfix\">\n<li class=\"product-prop line-limit-length\"><span\n                                        class=\"property-title\">Anvendelse:&nbsp;<\/span><span\n                                        class=\"property-desc line-limit-length\">Solenergilagring<\/span>\n                            <\/li>\n<li class=\"product-prop line-limit-length\"><span\n                                        class=\"property-title\">Nominel kapacitet:&nbsp;<\/span><span\n                                        class=\"property-desc line-limit-length\">3840Wh<\/span>\n                            <\/li>\n<li class=\"product-prop line-limit-length\"><span\n                                        class=\"property-title\">Modelnummer:&nbsp;<\/span><span\n                                        class=\"property-desc line-limit-length\">F3600 Pro<\/span>\n                            <\/li>\n<li class=\"product-prop line-limit-length\"><span\n                                        class=\"property-title\">Type:&nbsp;<\/span><span\n                                        class=\"property-desc line-limit-length\">LiFePO4<\/span>\n                            <\/li>\n<li class=\"product-prop line-limit-length\"><span\n                                        class=\"property-title\">S\u00e6ttype:&nbsp;<\/span><span\n                                        class=\"property-desc line-limit-length\">Opladers\u00e6t<\/span>\n                            <\/li>\n<li class=\"product-prop line-limit-length\"><span\n                                        class=\"property-title\">M\u00e6rke:&nbsp;<\/span><span\n                                        class=\"property-desc line-limit-length\">FOSSiBOT<\/span>\n                            <\/li>\n<li class=\"product-prop line-limit-length\"><span\n                                        class=\"property-title\">Model:&nbsp;<\/span><span\n                                        class=\"property-desc line-limit-length\">F3600 Pro<\/span>\n                            <\/li>\n<li class=\"product-prop line-limit-length\"><span\n                                        class=\"property-title\">Kapacitet:&nbsp;<\/span><span\n                                        class=\"property-desc line-limit-length\">3840Wh LiFePO4<\/span>\n                            <\/li>\n<li class=\"product-prop line-limit-length\"><span\n                                        class=\"property-title\">Maksimal batterikapacitet:&nbsp;<\/span><span\n                                        class=\"property-desc line-limit-length\">11520Wh<\/span>\n                            <\/li>\n<li class=\"product-prop line-limit-length\"><span\n                                        class=\"property-title\">AC-udgang:&nbsp;<\/span><span\n                                        class=\"property-desc line-limit-length\">3600W<\/span>\n                            <\/li>\n<li class=\"product-prop line-limit-length\"><span\n                                        class=\"property-title\">Maks. indgang:&nbsp;<\/span><span\n                                        class=\"property-desc line-limit-length\">4200W<\/span>\n                            <\/li>\n<li class=\"product-prop line-limit-length\"><span\n                                        class=\"property-title\">Maks. output:&nbsp;<\/span><span\n                                        class=\"property-desc line-limit-length\">4168W<\/span>\n                            <\/li>\n<li class=\"product-prop line-limit-length\"><span\n                                        class=\"property-title\">Funktioner 01:&nbsp;<\/span><span\n                                        class=\"property-desc line-limit-length\">B\u00e6rbart batteri<\/span>\n                            <\/li>\n<li class=\"product-prop line-limit-length\"><span\n                                        class=\"property-title\">Funktioner 02:&nbsp;<\/span><span\n                                        class=\"property-desc line-limit-length\">B\u00e6rbar, rapporterbar str\u00f8m<\/span>\n                            <\/li>\n<li class=\"product-prop line-limit-length\"><span\n                                        class=\"property-title\">Funktioner 03:&nbsp;<\/span><span\n                                        class=\"property-desc line-limit-length\">Bluetti kraftv\u00e6rk<\/span>\n                            <\/li>\n<li class=\"product-prop line-limit-length\"><span\n                                        class=\"property-title\">Funktioner 04:&nbsp;<\/span><span\n                                        class=\"property-desc line-limit-length\">B\u00e6rbart campingbatteri<\/span>\n                            <\/li>\n<li class=\"product-prop line-limit-length\"><span\n                                        class=\"property-title\">Funktioner 05:&nbsp;<\/span><span\n                                        class=\"property-desc line-limit-length\">3600w b\u00e6rbar kraftstation<\/span>\n                            <\/li>\n<li class=\"product-prop line-limit-length\"><span\n                                        class=\"property-title\">Fuld opladning:&nbsp;<\/span><span\n                                        class=\"property-desc line-limit-length\">4200W opladning p\u00e5 1,5 time<\/span>\n                            <\/li>\n<li class=\"product-prop line-limit-length\"><span\n                                        class=\"property-title\">Maks. AC-opladning:&nbsp;<\/span><span\n                                        class=\"property-desc line-limit-length\">2200W<\/span>\n                            <\/li>\n<li class=\"product-prop line-limit-length\"><span\n                                        class=\"property-title\">Maks. solopladning::&nbsp;<\/span><span\n                                        class=\"property-desc line-limit-length\">2000W<\/span>\n                            <\/li>\n<li class=\"product-prop line-limit-length\"><span\n                                        class=\"property-title\">Invertertype:&nbsp;<\/span><span\n                                        class=\"property-desc line-limit-length\">Ren sinusb\u00f8lge<\/span>\n                            <\/li>\n<\/ul><\/div>\n<div class=\"detailmodule_html\">\n<div class=\"detail-desc-decorate-richtext\">\n<p style=\"font-family:&quot;Microsoft YaHei&quot;;font-size:medium;font-weight:400;letter-spacing:normal;text-align:start;white-space:normal;color:rgb(0, 0, 0)\" align=\"start\"><strong><span style=\"font-size:x-large\">H\u00f8jdepunkter:<\/span><\/strong><\/p>\n<div><\/div>\n<p style=\"font-family:&quot;Microsoft YaHei&quot;;font-size:medium;font-weight:400;letter-spacing:normal;text-align:start;white-space:normal;color:rgb(0, 0, 0)\" align=\"start\">Udover sin betydelige str\u00f8mlagring er F3600 Pro bem\u00e6rkelsesv\u00e6rdigt b\u00e6rbar med en v\u00e6gt p\u00e5 kun 42 kg. Dens kompakte dimensioner og robuste hjul, der er monteret med et udtr\u00e6kkeligt h\u00e5ndtag, g\u00f8r den nem at transportere. Perfekt til camping, tailgating eller som n\u00f8dstr\u00f8mskilde.<\/p>\n<h3 style=\"font-family:&quot;Microsoft YaHei&quot;;letter-spacing:normal;text-align:start;white-space:normal;color:rgb(0, 0, 0)\" align=\"start\"><strong>Letv\u00e6gtsdesign og b\u00e6rbarhed<\/strong><\/h3>\n<p style=\"font-family:&quot;Microsoft YaHei&quot;;font-size:medium;font-weight:400;letter-spacing:normal;text-align:start;white-space:normal;color:rgb(0, 0, 0)\" align=\"start\">F3600 Pro er konstrueret med et h\u00f8jsikkerheds LiFePO4-batteri og sikrer stabil og sikker drift gennem 6500 opladnings-\/afladningscyklusser, hvilket giver en levetid, der kan konkurrere med elbiler. Denne avancerede batteriteknologi garanterer p\u00e5lidelig ydeevne i over et \u00e5rti.<\/p>\n<h3 style=\"font-family:&quot;Microsoft YaHei&quot;;letter-spacing:normal;text-align:start;white-space:normal;color:rgb(0, 0, 0)\" align=\"start\"><strong>LiFePO4-batteri med h\u00f8j sikkerhed<\/strong><\/h3>\n<p style=\"font-family:&quot;Microsoft YaHei&quot;;font-size:medium;font-weight:400;letter-spacing:normal;text-align:start;white-space:normal;color:rgb(0, 0, 0)\" align=\"start\">F3600 Pro er udstyret med en omfattende r\u00e6kke opladningsporte, herunder 1x PD 100W, 3x PD 20W, 2x QC3.0, 1x cigarett\u00e6nderstik, 2x DC5521 12V\/3A, 1x XT60 12V\/25A og 3x AC-stik. Denne omfattende tilslutning g\u00f8r den kompatibel med stort set alle enheder, fra b\u00e6rbare computere og smartphones til st\u00f8rre applikationer og v\u00e6rkt\u00f8jer.<\/p>\n<h3 style=\"font-family:&quot;Microsoft YaHei&quot;;letter-spacing:normal;text-align:start;white-space:normal;color:rgb(0, 0, 0)\" align=\"start\"><strong>Alt inklusive opladningsmuligheder<\/strong><\/h3>\n<p style=\"font-family:&quot;Microsoft YaHei&quot;;font-size:medium;font-weight:400;letter-spacing:normal;text-align:start;white-space:normal;color:rgb(0, 0, 0)\" align=\"start\">Med banebrydende hurtigopladningsteknologi kan F3600 Pro oplades fuldt p\u00e5 bare 1,5 time, takket v\u00e6re dens evne til at h\u00e5ndtere op til 4200 W opladningseffekt. Denne uovertrufne opladningshastighed sikrer, at du altid er klar til dit n\u00e6ste eventyr eller n\u00f8dsituation.<\/p>\n<h3 style=\"font-family:&quot;Microsoft YaHei&quot;;letter-spacing:normal;text-align:start;white-space:normal;color:rgb(0, 0, 0)\" align=\"start\"><strong>Avanceret opladningsteknologi<\/strong><\/h3>\n<p style=\"font-family:&quot;Microsoft YaHei&quot;;font-size:medium;font-weight:400;letter-spacing:normal;text-align:start;white-space:normal;color:rgb(0, 0, 0)\" align=\"start\">FOSSiBOT F3600 Pro har et kernebatteri med h\u00f8j kapacitet p\u00e5 3840 Wh med mulighed for at udvide op til 11520 Wh ved at tilslutte to ekstra batteripakker, hvilket leverer en imponerende h\u00f8j effekt p\u00e5 3600 W.<\/p>\n<h3 style=\"font-family:&quot;Microsoft YaHei&quot;;letter-spacing:normal;text-align:start;white-space:normal;color:rgb(0, 0, 0)\" align=\"start\"><strong>3840 Wh h\u00f8j kapacitet<\/strong><\/h3>\n<h2 style=\"font-family:&quot;Microsoft YaHei&quot;;font-size:14px;letter-spacing:normal;text-align:start;white-space:normal;color:rgb(0, 0, 0);margin:10px 0px;margin-bottom:10px;margin-top:10px;margin-left:0px;margin-right:0px;padding:0px;padding-bottom:0px;padding-top:0px;padding-left:0px;padding-right:0px\" align=\"start\"><span style=\"font-size:26px\"><strong>Specifikation:<\/strong><\/span><\/h2>\n<div>\u00a0<\/div>\n<table style=\"border-collapse:collapse;font-family:&quot;Microsoft YaHei&quot;;width:1000px\" class=\"jbEidtTable\" border=\"1\" cellpadding=\"5\" cellspacing=\"0\">\n<tbody>\n<tr>\n<td style=\"text-align:left;height:89px\" align=\"left\">\n<p><strong>Generel<\/strong><\/p>\n<\/td>\n<td style=\"text-align:left;height:89px\" align=\"left\">\n<p>M\u00e6rke: FOSSiBOT<br \/>Type: B\u00e6rbart kraftv\u00e6rk<br \/>Model: F3600 Pro<br \/>Farve: Sort<\/p>\n<\/td>\n<\/tr>\n<tr>\n<td style=\"text-align:left;height:22px\" align=\"left\">\n<p><strong>Specifikation<\/strong><\/p>\n<\/td>\n<td style=\"text-align:left;height:22px\" align=\"left\">\n<p>Kapacitet: 3840Wh LiFePO4<br \/>Maksimal batterikapacitet: 11520 Wh<br \/>AC-udgang: 3600W<br \/>Maks. indgangseffekt: 4200W<br \/>Maks. effekt: 4168W<br \/>Fuld opladning: 4200W opladning p\u00e5 1,5 time<br \/>Maks. AC-opladning: 2200W<br \/>Maks. solopladning: 2000W<br \/>UPS: &lt;10 ms<br \/>Udgangsporte: 1 * PD 100W, 3 * PD 20W, 2 * QC3.0, 1 * Cigarett\u00e6nder, 2 * DC5521 12V\/3A, 1 * XT60 12V\/25A, 3 * AC-udtag<\/p>\n<\/td>\n<\/tr>\n<tr>\n<td style=\"text-align:left;height:67px\" align=\"left\">\n<p><strong>V\u00e6gt og st\u00f8rrelse<\/strong><\/p>\n<\/td>\n<td style=\"text-align:left;height:67px\" align=\"left\">\n<p>Produktv\u00e6gt: 37,8 kg<br \/>Pakkev\u00e6gt: 40 kg<br \/>Pakkest\u00f8rrelse (L x B x H): 69,4 \u00d7 40,4 \u00d7 58,7 cm<\/p>\n<\/td>\n<\/tr>\n<tr>\n<td style=\"text-align:left;height:44px\" align=\"left\">\n<p><strong>Containerpakke<\/strong><\/p>\n<\/td>\n<td style=\"text-align:left;height:44px\" align=\"left\">\n<p>1 x F3600 Pro b\u00e6rbar kraftstation<br \/>1 x AC-opladekabel<br \/>1 x Bilopladerkabel<br \/>1 x XT90 solcellekabel<br \/>1 x l\u00e6derh\u00e5ndtagskede<br \/>1 x Opbevaringsposekabel<br \/>1 x B\u00e6rbar lommelygte<br \/>1 x USB-kabel til lommelygte og brugermanual<br \/>1 x F3600 Pro brugermanual<\/p>\n<\/td>\n<\/tr>\n<\/tbody>\n<\/table>\n<div><\/div>\n<p style=\"font-family:&quot;Microsoft YaHei&quot;;font-size:medium;font-weight:400;letter-spacing:normal;text-align:start;white-space:normal;color:rgb(0, 0, 0)\" align=\"start\"><img decoding=\"async\" src=\"https:\/\/ae01.alicdn.com\/kf\/S0b66e07efe794656be6040e2dd7eb405v.jpg\" slate-data-type=\"image\"\/><img decoding=\"async\" src=\"https:\/\/ae01.alicdn.com\/kf\/Sf0200d359fc34c69ba58c7df4c52e4c6f.jpg\" slate-data-type=\"image\"\/><img decoding=\"async\" src=\"https:\/\/ae01.alicdn.com\/kf\/S9c876170fd84491294222e07ae571519Q.jpg\" slate-data-type=\"image\"\/><img decoding=\"async\" src=\"https:\/\/ae01.alicdn.com\/kf\/S704f9709a4ad4b498fa599486bf2228cg.jpg\" slate-data-type=\"image\"\/><img decoding=\"async\" src=\"https:\/\/ae01.alicdn.com\/kf\/S82bd45945a0c49ccbabde11e2b8032540.jpg\" slate-data-type=\"image\"\/><img decoding=\"async\" src=\"https:\/\/ae01.alicdn.com\/kf\/Sd1d7f5ce9fb24519a8e64a8b4eebcfccf.jpg\" slate-data-type=\"image\"\/><img decoding=\"async\" src=\"https:\/\/ae01.alicdn.com\/kf\/S2f6920421fca41c288f702601c1b7bdbJ.jpg\" slate-data-type=\"image\"\/><img decoding=\"async\" src=\"https:\/\/ae01.alicdn.com\/kf\/S40da7d67f1dd44728c59cf61f59ec67ez.jpg\" slate-data-type=\"image\"\/><img decoding=\"async\" src=\"https:\/\/ae01.alicdn.com\/kf\/S2ecdb627e9e045fc9492324af0249d21p.jpg\" slate-data-type=\"image\"\/><img decoding=\"async\" src=\"https:\/\/ae01.alicdn.com\/kf\/Sbed8267e552e4855a17176a49cb688ad0.jpg\" slate-data-type=\"image\"\/><img decoding=\"async\" src=\"https:\/\/ae01.alicdn.com\/kf\/Sd3bd1be0078443719fa9e4a41be75fc7e.jpg\" slate-data-type=\"image\"\/><img decoding=\"async\" src=\"https:\/\/ae01.alicdn.com\/kf\/S01dbbee3bdad4234b3ddf24c95c6b517g.jpg\" slate-data-type=\"image\"\/><img decoding=\"async\" src=\"https:\/\/ae01.alicdn.com\/kf\/S128df8e1f4024ba9aff35b5066d72144A.jpg\" slate-data-type=\"image\"\/><img decoding=\"async\" src=\"https:\/\/ae01.alicdn.com\/kf\/S80073624b396410095b68e050b19072aK.jpg\" slate-data-type=\"image\"\/><img decoding=\"async\" src=\"https:\/\/ae01.alicdn.com\/kf\/Scb9bbd9f52d74e4f812bc0b3c65ea800o.jpg\" slate-data-type=\"image\"\/><img decoding=\"async\" src=\"https:\/\/ae01.alicdn.com\/kf\/S829a29ee803143e493086cee2e450780u.jpg\" slate-data-type=\"image\"\/><\/p>\n<div><\/div>\n<p><\/p>\n<\/div>\n<\/div>\n<p><\/p>","protected":false},"excerpt":{"rendered":"<p>Application:&nbsp;Solar Power Storage Nominal Capacity:&nbsp;3840Wh Model Number:&nbsp;F3600 Pro Type:&nbsp;LiFePO4 Set Type:&nbsp;Charger Sets Brand:&nbsp;FOSSiBOT Model:&nbsp;F3600 Pro Capacity:&nbsp;3840Wh LiFePO4 Max Battery Capacity:&nbsp;11520Wh AC Output:&nbsp;3600W Max Input:&nbsp;4200W Max Output:&nbsp;4168W Features 01:&nbsp;Portable battery Features<\/p>","protected":false},"featured_media":21748,"comment_status":"open","ping_status":"closed","template":"","meta":{"_acf_changed":false},"product_brand":[],"product_cat":[515],"product_tag":[],"class_list":{"0":"post-21747","1":"product","2":"type-product","3":"status-publish","4":"has-post-thumbnail","6":"product_cat-portable-power-stations","8":"first","9":"instock","10":"shipping-taxable","11":"purchasable","12":"product-type-simple"},"acf":[],"_links":{"self":[{"href":"https:\/\/electricstore.eu\/da\/wp-json\/wp\/v2\/product\/21747","targetHints":{"allow":["GET"]}}],"collection":[{"href":"https:\/\/electricstore.eu\/da\/wp-json\/wp\/v2\/product"}],"about":[{"href":"https:\/\/electricstore.eu\/da\/wp-json\/wp\/v2\/types\/product"}],"replies":[{"embeddable":true,"href":"https:\/\/electricstore.eu\/da\/wp-json\/wp\/v2\/comments?post=21747"}],"wp:featuredmedia":[{"embeddable":true,"href":"https:\/\/electricstore.eu\/da\/wp-json\/wp\/v2\/media\/21748"}],"wp:attachment":[{"href":"https:\/\/electricstore.eu\/da\/wp-json\/wp\/v2\/media?parent=21747"}],"wp:term":[{"taxonomy":"product_brand","embeddable":true,"href":"https:\/\/electricstore.eu\/da\/wp-json\/wp\/v2\/product_brand?post=21747"},{"taxonomy":"product_cat","embeddable":true,"href":"https:\/\/electricstore.eu\/da\/wp-json\/wp\/v2\/product_cat?post=21747"},{"taxonomy":"product_tag","embeddable":true,"href":"https:\/\/electricstore.eu\/da\/wp-json\/wp\/v2\/product_tag?post=21747"}],"curies":[{"name":"wp","href":"https:\/\/api.w.org\/{rel}","templated":true}]}}