{"id":21738,"date":"2025-05-20T18:26:31","date_gmt":"2025-05-20T18:26:31","guid":{"rendered":"https:\/\/electricstore.eu\/p\/uncategorized\/oukitel-bp2000-portable-power-station-2048wh-640000mah-lifepo4-battery-2200w-ac-output-solar-generator-charging-stations\/"},"modified":"2025-05-20T18:26:38","modified_gmt":"2025-05-20T18:26:38","slug":"oukitel-bp2000-portable-power-station-2048wh-640000mah-lifepo4-battery-2200w-ac-output-solar-generator-charging-stations","status":"publish","type":"product","link":"https:\/\/www.electricstore.eu\/da\/p\/batteries\/portable-power-stations\/oukitel-bp2000-portable-power-station-2048wh-640000mah-lifepo4-battery-2200w-ac-output-solar-generator-charging-stations\/","title":{"rendered":"OUKITEL BP2000 B\u00e6rbar Kraftstation 2048Wh\/640000mAh LiFePO4 Batteri 2200W AC Udgang Solcellegenerator Ladestationer"},"content":{"rendered":"<div class=\"product-specs-list-container\">\n<ul class=\"product-specs-list util-clearfix\">\n<li class=\"product-prop line-limit-length\"><span\n                                        class=\"property-title\">Nominel kapacitet:&nbsp;<\/span><span\n                                        class=\"property-desc line-limit-length\">&gt;3500mAh<\/span>\n                            <\/li>\n<li class=\"product-prop line-limit-length\"><span\n                                        class=\"property-title\">Modelnummer:&nbsp;<\/span><span\n                                        class=\"property-desc line-limit-length\">OUKITEL BP2000<\/span>\n                            <\/li>\n<li class=\"product-prop line-limit-length\"><span\n                                        class=\"property-title\">Type:&nbsp;<\/span><span\n                                        class=\"property-desc line-limit-length\">LiFePO4<\/span>\n                            <\/li>\n<li class=\"product-prop line-limit-length\"><span\n                                        class=\"property-title\">S\u00e6ttype:&nbsp;<\/span><span\n                                        class=\"property-desc line-limit-length\">Opladers\u00e6t<\/span>\n                            <\/li>\n<li class=\"product-prop line-limit-length\"><span\n                                        class=\"property-title\">M\u00e6rke:&nbsp;<\/span><span\n                                        class=\"property-desc line-limit-length\">OUKITEL<\/span>\n                            <\/li>\n<li class=\"product-prop line-limit-length\"><span\n                                        class=\"property-title\">Model:&nbsp;<\/span><span\n                                        class=\"property-desc line-limit-length\">BP2000<\/span>\n                            <\/li>\n<li class=\"product-prop line-limit-length\"><span\n                                        class=\"property-title\">Magt:&nbsp;<\/span><span\n                                        class=\"property-desc line-limit-length\">2048 Wh (51,2 V)<\/span>\n                            <\/li>\n<li class=\"product-prop line-limit-length\"><span\n                                        class=\"property-title\">Kapacitet:&nbsp;<\/span><span\n                                        class=\"property-desc line-limit-length\">640000mAh<\/span>\n                            <\/li>\n<li class=\"product-prop line-limit-length\"><span\n                                        class=\"property-title\">Batteri:&nbsp;<\/span><span\n                                        class=\"property-desc line-limit-length\">LiFePO4<\/span>\n                            <\/li>\n<li class=\"product-prop line-limit-length\"><span\n                                        class=\"property-title\">AC-oplader:&nbsp;<\/span><span\n                                        class=\"property-desc line-limit-length\">Maks. 1800 W, AC 200-240 V AC Maks. 15 A<\/span>\n                            <\/li>\n<li class=\"product-prop line-limit-length\"><span\n                                        class=\"property-title\">AC-opladningstid:&nbsp;<\/span><span\n                                        class=\"property-desc line-limit-length\">Superhurtig opladning, 1,8 timer (80% str\u00f8m)<\/span>\n                            <\/li>\n<li class=\"product-prop line-limit-length\"><span\n                                        class=\"property-title\">Solcelleoplader:&nbsp;<\/span><span\n                                        class=\"property-desc line-limit-length\">1* XT60-port, 12V-120V \/ 15A, MPPT MAX 1000W<\/span>\n                            <\/li>\n<li class=\"product-prop line-limit-length\"><span\n                                        class=\"property-title\">Bilopladning:&nbsp;<\/span><span\n                                        class=\"property-desc line-limit-length\">2V\/8A, 24V\/10A<\/span>\n                            <\/li>\n<li class=\"product-prop line-limit-length\"><span\n                                        class=\"property-title\">Funktioner 01:&nbsp;<\/span><span\n                                        class=\"property-desc line-limit-length\">b\u00e6rbart kraftv\u00e6rk<\/span>\n                            <\/li>\n<li class=\"product-prop line-limit-length\"><span\n                                        class=\"property-title\">Funktioner 02:&nbsp;<\/span><span\n                                        class=\"property-desc line-limit-length\">kraftv\u00e6rk<\/span>\n                            <\/li>\n<li class=\"product-prop line-limit-length\"><span\n                                        class=\"property-title\">Funktioner 03:&nbsp;<\/span><span\n                                        class=\"property-desc line-limit-length\">b\u00e6rbart solkraftv\u00e6rk<\/span>\n                            <\/li>\n<li class=\"product-prop line-limit-length\"><span\n                                        class=\"property-title\">Funktioner 04:&nbsp;<\/span><span\n                                        class=\"property-desc line-limit-length\">ladestationer<\/span>\n                            <\/li>\n<li class=\"product-prop line-limit-length\"><span\n                                        class=\"property-title\">Funktioner 05:&nbsp;<\/span><span\n                                        class=\"property-desc line-limit-length\">solgenerator<\/span>\n                            <\/li>\n<li class=\"product-prop line-limit-length\"><span\n                                        class=\"property-title\">Funktioner 06:&nbsp;<\/span><span\n                                        class=\"property-desc line-limit-length\">benzin elektrisk generator<\/span>\n                            <\/li>\n<\/ul><\/div>\n<p><span style=\"font-size:24px\"><strong>H\u00f8jdepunkter:<\/strong><\/span><\/p>\n<p><\/p>\n<ul style=\"font-family:&quot;Microsoft YaHei&quot;;font-size:medium;font-weight:400;letter-spacing:normal;text-align:start;white-space:normal;color:rgb(0, 0, 0);margin-bottom:10px;padding-left:0px\" class=\"clearfix\" align=\"start\">\n<li style=\"font-size:14px;margin-right:10px;padding-left:18px;list-style:none;position:relative;float:left\">\n<p>Det b\u00e6rbare kraftv\u00e6rk BP2000 har en topmoderne tovejsinverter, der muligg\u00f8r ultrahurtig AC-genopladning p\u00e5 op til 1800 W, den h\u00f8jeste effekt ved brug af str\u00f8m fra lysnettet. Det bruger f\u00f8rsteklasses eksplosionssikre LiFePO4-batterier med 3500 levetider og et smart BMS for sikker og stabil str\u00f8mforsyning. Det har en MPPT-str\u00f8mchip til effektiv solcelleopladning og kan fungere som en UPS under str\u00f8mafbrydelser. Det kan ogs\u00e5 tilslutte ekstra batterier parallelt for at im\u00f8dekomme varierende str\u00f8mbehov.<\/p>\n<\/li>\n<li style=\"font-size:14px;margin-right:10px;padding-left:18px;list-style:none;position:relative;float:left\">\n<div><\/div>\n<h3><strong>2048 Wh kapacitet, 2200 W AC-udgang<\/strong><\/h3>\n<p>Med en maksimal kapacitet p\u00e5 2048 Wh og en AC-udgang p\u00e5 2200 W kan OUKITEL BP2000-str\u00f8mforsyningen forsyne n\u00e6sten alle livets essentielle apparater med str\u00f8m, lige fra store k\u00f8leskabe og mikrob\u00f8lgeovne til elkedler og h\u00e5rt\u00f8rrere.<\/p>\n<\/li>\n<li style=\"font-size:14px;margin-right:10px;padding-left:18px;list-style:none;position:relative;float:left\">\n<div><\/div>\n<h3><strong>Ren sinusb\u00f8lge 2200W inverter<\/strong><\/h3>\n<p>Den rene sinusb\u00f8lgeinverter leverer konstant sp\u00e6nding og beskytter f\u00f8lsom elektronik mod skader og normal drift.<\/p>\n<\/li>\n<li style=\"font-size:14px;margin-right:10px;padding-left:18px;list-style:none;position:relative;float:left\">\n<div><\/div>\n<h3><strong>Udvid op til 7 batteripakker<\/strong><\/h3>\n<p>Hver BP2000 er p\u00e5 2048 Wh, plus op til 7 x B2000 (hver 2048 Wh) udvidelsesbatterier for at n\u00e5 en samlet kapacitet p\u00e5 16384 Wh, der d\u00e6kker dine basale familiebehov under daglig brug eller str\u00f8mafbrydelser.<\/p>\n<\/li>\n<li style=\"font-size:14px;margin-right:10px;padding-left:18px;list-style:none;position:relative;float:left\">\n<p><strong>Hurtig AC-genopladning<\/strong><\/p>\n<\/li>\n<\/ul>\n<p>BP2000 oplades hurtigt helt via en stikkontakt p\u00e5 1,5 time, eller dobbeltoplades med PV1OOOW + AC1800W inden for 1 time, s\u00e5 du kan bruge den igen p\u00e5 kort tid.<\/p>\n<h3><strong>Flere opladningsmuligheder<\/strong><\/h3>\n<p>OUKITEL BP2000 tilbyder 5 opladningsmetoder: AC, solcelleanl\u00e6g, AC+solcelleanl\u00e6g, bil og generator, og den har en kontrolknap til at regulere opladningshastigheden, hvilket forhindrer overophedning eller andre sikkerhedsfarer, der kan opst\u00e5 som f\u00f8lge af overopladning.<\/p>\n<h3><strong>2000W UPS<\/strong><\/h3>\n<p>Selv et kortvarigt str\u00f8mafbrydelse kan resultere i datatab eller hardwareskade, og 2000 W UPS&#039;en (&lt; 10 ms) kan levere backupstr\u00f8m med det samme, n\u00e5r der opst\u00e5r str\u00f8mafbrydelser.<\/p>\n<h3><strong>Langtidsholdbare LiFePO4-batterier<\/strong><\/h3>\n<p>Udstyret med batterier i elbilskvalitet, der holder i op til 3.500 opladningscyklusser eller svarende til 10 \u00e5rs brug.<\/p>\n<p><img decoding=\"async\" style=\"font-family:&quot;sans-serif&quot;, sans-serif;font-size:14px;font-weight:400;letter-spacing:normal;text-align:start;white-space:normal;color:rgb(102, 102, 102);background-color:rgb(255, 255, 255);border:0px;margin:10px 0px;margin-bottom:10px;margin-top:10px;margin-left:0px;margin-right:0px;max-width:100%;height:auto;box-sizing:border-box\" class=\"lazy_img\" height=\"auto\" src=\"https:\/\/img.gkbcdn.com\/s3\/d\/202308\/OUKITEL-BP2000-Portable-Power-Station-521802-0.jpg\" slate-data-type=\"image\"\/><img decoding=\"async\" style=\"font-family:&quot;sans-serif&quot;, sans-serif;font-size:14px;font-weight:400;letter-spacing:normal;text-align:start;white-space:normal;color:rgb(102, 102, 102);background-color:rgb(255, 255, 255);border:0px;margin:10px 0px;margin-bottom:10px;margin-top:10px;margin-left:0px;margin-right:0px;max-width:100%;height:auto;box-sizing:border-box\" class=\"lazy_img\" height=\"auto\" src=\"https:\/\/img.gkbcdn.com\/s3\/d\/202308\/OUKITEL-BP2000-Portable-Power-Station-521802-1.jpg\" slate-data-type=\"image\"\/><img decoding=\"async\" style=\"font-family:&quot;sans-serif&quot;, sans-serif;font-size:14px;font-weight:400;letter-spacing:normal;text-align:start;white-space:normal;color:rgb(102, 102, 102);background-color:rgb(255, 255, 255);border:0px;margin:10px 0px;margin-bottom:10px;margin-top:10px;margin-left:0px;margin-right:0px;max-width:100%;height:auto;box-sizing:border-box\" class=\"lazy_img\" height=\"auto\" src=\"https:\/\/img.gkbcdn.com\/s3\/d\/202308\/OUKITEL-BP2000-Portable-Power-Station-521802-2.jpg\" slate-data-type=\"image\"\/><img decoding=\"async\" style=\"font-family:&quot;sans-serif&quot;, sans-serif;font-size:14px;font-weight:400;letter-spacing:normal;text-align:start;white-space:normal;color:rgb(102, 102, 102);background-color:rgb(255, 255, 255);border:0px;margin:10px 0px;margin-bottom:10px;margin-top:10px;margin-left:0px;margin-right:0px;max-width:100%;height:auto;box-sizing:border-box\" class=\"lazy_img\" height=\"auto\" src=\"https:\/\/img.gkbcdn.com\/s3\/d\/202308\/OUKITEL-BP2000-Portable-Power-Station-521802-3.jpg\" slate-data-type=\"image\"\/><img decoding=\"async\" style=\"font-family:&quot;sans-serif&quot;, sans-serif;font-size:14px;font-weight:400;letter-spacing:normal;text-align:start;white-space:normal;color:rgb(102, 102, 102);background-color:rgb(255, 255, 255);border:0px;margin:10px 0px;margin-bottom:10px;margin-top:10px;margin-left:0px;margin-right:0px;max-width:100%;height:auto;box-sizing:border-box\" class=\"lazy_img\" height=\"auto\" src=\"https:\/\/img.gkbcdn.com\/s3\/d\/202308\/OUKITEL-BP2000-Portable-Power-Station-521802-4.jpg\" slate-data-type=\"image\"\/><img decoding=\"async\" style=\"font-family:&quot;sans-serif&quot;, sans-serif;font-size:14px;font-weight:400;letter-spacing:normal;text-align:start;white-space:normal;color:rgb(102, 102, 102);background-color:rgb(255, 255, 255);border:0px;margin:10px 0px;margin-bottom:10px;margin-top:10px;margin-left:0px;margin-right:0px;max-width:100%;height:auto;box-sizing:border-box\" class=\"lazy_img\" height=\"auto\" src=\"https:\/\/img.gkbcdn.com\/s3\/d\/202308\/OUKITEL-BP2000-Portable-Power-Station-521802-5.jpg\" slate-data-type=\"image\"\/><img decoding=\"async\" style=\"font-family:&quot;sans-serif&quot;, sans-serif;font-size:14px;font-weight:400;letter-spacing:normal;text-align:start;white-space:normal;color:rgb(102, 102, 102);background-color:rgb(255, 255, 255);border:0px;margin:10px 0px;margin-bottom:10px;margin-top:10px;margin-left:0px;margin-right:0px;max-width:100%;height:auto;box-sizing:border-box\" class=\"lazy_img\" height=\"auto\" src=\"https:\/\/img.gkbcdn.com\/s3\/d\/202308\/OUKITEL-BP2000-Portable-Power-Station-521802-6.jpg\" slate-data-type=\"image\"\/><img decoding=\"async\" style=\"font-family:&quot;sans-serif&quot;, sans-serif;font-size:14px;font-weight:400;letter-spacing:normal;text-align:start;white-space:normal;color:rgb(102, 102, 102);background-color:rgb(255, 255, 255);border:0px;margin:10px 0px;margin-bottom:10px;margin-top:10px;margin-left:0px;margin-right:0px;max-width:100%;height:auto;box-sizing:border-box\" class=\"lazy_img\" height=\"auto\" src=\"https:\/\/img.gkbcdn.com\/s3\/d\/202308\/OUKITEL-BP2000-Portable-Power-Station-521802-7.jpg\" slate-data-type=\"image\"\/><img decoding=\"async\" style=\"font-family:&quot;sans-serif&quot;, sans-serif;font-size:14px;font-weight:400;letter-spacing:normal;text-align:start;white-space:normal;color:rgb(102, 102, 102);background-color:rgb(255, 255, 255);border:0px;margin:10px 0px;margin-bottom:10px;margin-top:10px;margin-left:0px;margin-right:0px;max-width:100%;height:auto;box-sizing:border-box\" class=\"lazy_img\" height=\"auto\" src=\"https:\/\/img.gkbcdn.com\/s3\/d\/202308\/OUKITEL-BP2000-Portable-Power-Station-521802-8.jpg\" slate-data-type=\"image\"\/><img decoding=\"async\" style=\"font-family:&quot;sans-serif&quot;, sans-serif;font-size:14px;font-weight:400;letter-spacing:normal;text-align:start;white-space:normal;color:rgb(102, 102, 102);background-color:rgb(255, 255, 255);border:0px;margin:10px 0px;margin-bottom:10px;margin-top:10px;margin-left:0px;margin-right:0px;max-width:100%;height:auto;box-sizing:border-box\" class=\"lazy_img\" height=\"auto\" src=\"https:\/\/img.gkbcdn.com\/s3\/d\/202308\/OUKITEL-BP2000-Portable-Power-Station-521802-9.jpg\" slate-data-type=\"image\"\/><img decoding=\"async\" style=\"font-family:&quot;sans-serif&quot;, sans-serif;font-size:14px;font-weight:400;letter-spacing:normal;text-align:start;white-space:normal;color:rgb(102, 102, 102);background-color:rgb(255, 255, 255);border:0px;margin:10px 0px;margin-bottom:10px;margin-top:10px;margin-left:0px;margin-right:0px;max-width:100%;height:auto;box-sizing:border-box\" class=\"lazy_img\" height=\"auto\" src=\"https:\/\/img.gkbcdn.com\/s3\/d\/202308\/OUKITEL-BP2000-Portable-Power-Station-521802-10.jpg\" slate-data-type=\"image\"\/><img decoding=\"async\" style=\"font-family:&quot;sans-serif&quot;, sans-serif;font-size:14px;font-weight:400;letter-spacing:normal;text-align:start;white-space:normal;color:rgb(102, 102, 102);background-color:rgb(255, 255, 255);border:0px;margin:10px 0px;margin-bottom:10px;margin-top:10px;margin-left:0px;margin-right:0px;max-width:100%;height:auto;box-sizing:border-box\" class=\"lazy_img\" height=\"auto\" src=\"https:\/\/img.gkbcdn.com\/s3\/d\/202308\/OUKITEL-BP2000-Portable-Power-Station-521802-11.jpg\" slate-data-type=\"image\"\/><img decoding=\"async\" style=\"font-family:&quot;sans-serif&quot;, sans-serif;font-size:14px;font-weight:400;letter-spacing:normal;text-align:start;white-space:normal;color:rgb(102, 102, 102);background-color:rgb(255, 255, 255);border:0px;margin:10px 0px;margin-bottom:10px;margin-top:10px;margin-left:0px;margin-right:0px;max-width:100%;height:auto;box-sizing:border-box\" class=\"lazy_img\" height=\"auto\" src=\"https:\/\/img.gkbcdn.com\/s3\/d\/202308\/OUKITEL-B2000-2048Wh-LiFePO4-Battery-Pack-521803-0.jpg\" slate-data-type=\"image\"\/><img decoding=\"async\" style=\"font-family:&quot;sans-serif&quot;, sans-serif;font-size:14px;font-weight:400;letter-spacing:normal;text-align:start;white-space:normal;color:rgb(102, 102, 102);background-color:rgb(255, 255, 255);border:0px;margin:10px 0px;margin-bottom:10px;margin-top:10px;margin-left:0px;margin-right:0px;max-width:100%;height:auto;box-sizing:border-box\" class=\"lazy_img\" height=\"auto\" src=\"https:\/\/img.gkbcdn.com\/s3\/d\/202308\/OUKITEL-B2000-2048Wh-LiFePO4-Battery-Pack-521803-1.jpg\" slate-data-type=\"image\"\/><img decoding=\"async\" style=\"font-family:&quot;sans-serif&quot;, sans-serif;font-size:14px;font-weight:400;letter-spacing:normal;text-align:start;white-space:normal;color:rgb(102, 102, 102);background-color:rgb(255, 255, 255);border:0px;margin:10px 0px;margin-bottom:10px;margin-top:10px;margin-left:0px;margin-right:0px;max-width:100%;height:auto;box-sizing:border-box\" class=\"lazy_img\" height=\"auto\" src=\"https:\/\/img.gkbcdn.com\/s3\/d\/202308\/OUKITEL-B2000-2048Wh-LiFePO4-Battery-Pack-521803-2.jpg\" slate-data-type=\"image\"\/><img decoding=\"async\" style=\"font-family:&quot;sans-serif&quot;, sans-serif;font-size:14px;font-weight:400;letter-spacing:normal;text-align:start;white-space:normal;color:rgb(102, 102, 102);background-color:rgb(255, 255, 255);border:0px;margin:10px 0px;margin-bottom:10px;margin-top:10px;margin-left:0px;margin-right:0px;max-width:100%;height:auto;box-sizing:border-box\" class=\"lazy_img\" height=\"auto\" src=\"https:\/\/img.gkbcdn.com\/s3\/d\/202303\/OUKITEL-PV400-400W-Foldable-Portable-Solar-Panel-519775-0.jpg\" slate-data-type=\"image\"\/><img decoding=\"async\" style=\"font-family:&quot;sans-serif&quot;, sans-serif;font-size:14px;font-weight:400;letter-spacing:normal;text-align:start;white-space:normal;color:rgb(102, 102, 102);background-color:rgb(255, 255, 255);border:0px;margin:10px 0px;margin-bottom:10px;margin-top:10px;margin-left:0px;margin-right:0px;max-width:100%;height:auto;box-sizing:border-box\" class=\"lazy_img\" height=\"auto\" src=\"https:\/\/img.gkbcdn.com\/s3\/d\/202303\/OUKITEL-PV400-400W-Foldable-Portable-Solar-Panel-519775-1.jpg\" slate-data-type=\"image\"\/><img decoding=\"async\" style=\"font-family:&quot;sans-serif&quot;, sans-serif;font-size:14px;font-weight:400;letter-spacing:normal;text-align:start;white-space:normal;color:rgb(102, 102, 102);background-color:rgb(255, 255, 255);border:0px;margin:10px 0px;margin-bottom:10px;margin-top:10px;margin-left:0px;margin-right:0px;max-width:100%;height:auto;box-sizing:border-box\" class=\"lazy_img\" height=\"auto\" src=\"https:\/\/img.gkbcdn.com\/s3\/d\/202303\/OUKITEL-PV400-400W-Foldable-Portable-Solar-Panel-519775-2.jpg\" slate-data-type=\"image\"\/><img decoding=\"async\" style=\"font-family:&quot;sans-serif&quot;, sans-serif;font-size:14px;font-weight:400;letter-spacing:normal;text-align:start;white-space:normal;color:rgb(102, 102, 102);background-color:rgb(255, 255, 255);border:0px;margin:10px 0px;margin-bottom:10px;margin-top:10px;margin-left:0px;margin-right:0px;max-width:100%;height:auto;box-sizing:border-box\" class=\"lazy_img\" height=\"auto\" src=\"https:\/\/img.gkbcdn.com\/s3\/d\/202303\/OUKITEL-PV400-400W-Foldable-Portable-Solar-Panel-519775-3.jpg\" slate-data-type=\"image\"\/><\/p>","protected":false},"excerpt":{"rendered":"<p>Nominal Capacity:&nbsp;&gt;3500mAh Model Number:&nbsp;OUKITEL BP2000 Type:&nbsp;LiFePO4 Set Type:&nbsp;Charger Sets Brand:&nbsp;OUKITEL Model:&nbsp;BP2000 Power:&nbsp;2048Wh (51.2V ) Capacity:&nbsp;640000mAh Battery:&nbsp;LiFePO4 AC Charger:&nbsp;Max1800W, AC200-240Vac Max15A AC Charging Time:&nbsp;Super Fast Charge, 1.8 hours (80% power) Solar<\/p>","protected":false},"featured_media":21739,"comment_status":"open","ping_status":"closed","template":"","meta":{"_acf_changed":false},"product_brand":[],"product_cat":[515],"product_tag":[],"class_list":{"0":"post-21738","1":"product","2":"type-product","3":"status-publish","4":"has-post-thumbnail","6":"product_cat-portable-power-stations","8":"first","9":"instock","10":"shipping-taxable","11":"purchasable","12":"product-type-simple"},"acf":[],"_links":{"self":[{"href":"https:\/\/www.electricstore.eu\/da\/wp-json\/wp\/v2\/product\/21738","targetHints":{"allow":["GET"]}}],"collection":[{"href":"https:\/\/www.electricstore.eu\/da\/wp-json\/wp\/v2\/product"}],"about":[{"href":"https:\/\/www.electricstore.eu\/da\/wp-json\/wp\/v2\/types\/product"}],"replies":[{"embeddable":true,"href":"https:\/\/www.electricstore.eu\/da\/wp-json\/wp\/v2\/comments?post=21738"}],"wp:featuredmedia":[{"embeddable":true,"href":"https:\/\/www.electricstore.eu\/da\/wp-json\/wp\/v2\/media\/21739"}],"wp:attachment":[{"href":"https:\/\/www.electricstore.eu\/da\/wp-json\/wp\/v2\/media?parent=21738"}],"wp:term":[{"taxonomy":"product_brand","embeddable":true,"href":"https:\/\/www.electricstore.eu\/da\/wp-json\/wp\/v2\/product_brand?post=21738"},{"taxonomy":"product_cat","embeddable":true,"href":"https:\/\/www.electricstore.eu\/da\/wp-json\/wp\/v2\/product_cat?post=21738"},{"taxonomy":"product_tag","embeddable":true,"href":"https:\/\/www.electricstore.eu\/da\/wp-json\/wp\/v2\/product_tag?post=21738"}],"curies":[{"name":"wp","href":"https:\/\/api.w.org\/{rel}","templated":true}]}}