{"id":21717,"date":"2025-05-20T18:21:28","date_gmt":"2025-05-20T18:21:28","guid":{"rendered":"https:\/\/electricstore.eu\/p\/uncategorized\/lanpwr-ufox-plus-50e-solar-power-station-5000w-5120wh-solar-generator-lifepo4-battery-off-grid-inverter-expandable-app-control\/"},"modified":"2025-05-20T18:21:29","modified_gmt":"2025-05-20T18:21:29","slug":"lanpwr-ufox-plus-50e-solar-power-station-5000w-5120wh-solar-generator-lifepo4-battery-off-grid-inverter-expandable-app-control","status":"publish","type":"product","link":"https:\/\/electricstore.eu\/da\/p\/batteries\/portable-power-stations\/lanpwr-ufox-plus-50e-solar-power-station-5000w-5120wh-solar-generator-lifepo4-battery-off-grid-inverter-expandable-app-control\/","title":{"rendered":"LANPWR UFox Plus 50E solcelleanl\u00e6g 5000W 5120Wh solcellegenerator LiFePO4 batteri Off-grid inverter udvidelig &amp; app-styring"},"content":{"rendered":"<div class=\"product-specs-list-container\">\n<ul class=\"product-specs-list util-clearfix\">\n<li class=\"product-prop line-limit-length\"><span\n                                        class=\"property-title\">Nominel kapacitet:&nbsp;<\/span><span\n                                        class=\"property-desc line-limit-length\">5120Wh<\/span>\n                            <\/li>\n<li class=\"product-prop line-limit-length\"><span\n                                        class=\"property-title\">Modelnummer:&nbsp;<\/span><span\n                                        class=\"property-desc line-limit-length\">UFOX-PLUS-50E<\/span>\n                            <\/li>\n<li class=\"product-prop line-limit-length\"><span\n                                        class=\"property-title\">Type:&nbsp;<\/span><span\n                                        class=\"property-desc line-limit-length\">LiFePO4<\/span>\n                            <\/li>\n<li class=\"product-prop line-limit-length\"><span\n                                        class=\"property-title\">S\u00e6ttype:&nbsp;<\/span><span\n                                        class=\"property-desc line-limit-length\">Opladers\u00e6t<\/span>\n                            <\/li>\n<li class=\"product-prop line-limit-length\"><span\n                                        class=\"property-title\">M\u00e6rke:&nbsp;<\/span><span\n                                        class=\"property-desc line-limit-length\">LANPWR<\/span>\n                            <\/li>\n<li class=\"product-prop line-limit-length\"><span\n                                        class=\"property-title\">Type:&nbsp;<\/span><span\n                                        class=\"property-desc line-limit-length\">Li-ioner (LFP \/ LiFePO4)<\/span>\n                            <\/li>\n<li class=\"product-prop line-limit-length\"><span\n                                        class=\"property-title\">Model:&nbsp;<\/span><span\n                                        class=\"property-desc line-limit-length\">UFOX-PLUS-50E<\/span>\n                            <\/li>\n<li class=\"product-prop line-limit-length\"><span\n                                        class=\"property-title\">Kapacitet:&nbsp;<\/span><span\n                                        class=\"property-desc line-limit-length\">5,12 kWh<\/span>\n                            <\/li>\n<li class=\"product-prop line-limit-length\"><span\n                                        class=\"property-title\">Nominel effekt:&nbsp;<\/span><span\n                                        class=\"property-desc line-limit-length\">5000W<\/span>\n                            <\/li>\n<li class=\"product-prop line-limit-length\"><span\n                                        class=\"property-title\">Oversp\u00e6ndingseffekt:&nbsp;<\/span><span\n                                        class=\"property-desc line-limit-length\">St\u00f8dningsstr\u00f8m<\/span>\n                            <\/li>\n<li class=\"product-prop line-limit-length\"><span\n                                        class=\"property-title\">10000W, 5 sekunder:&nbsp;<\/span><span\n                                        class=\"property-desc line-limit-length\">Maks. udgangsstr\u00f8m<\/span>\n                            <\/li>\n<\/ul><\/div>\n<p><\/p>\n<p style=\"font-family:&quot;Noto Sans SC&quot;;font-size:medium;font-weight:400;letter-spacing:normal;text-align:start;white-space:normal;color:rgb(0, 0, 0)\" align=\"start\"><span style=\"font-size:x-large\">H\u00f8jdepunkter<\/span><\/p>\n<p><\/p>\n<h3 style=\"font-family:&quot;Noto Sans SC&quot;;letter-spacing:normal;text-align:start;white-space:normal;color:rgb(0, 0, 0)\" align=\"start\">4-i-1 hurtigopladning og 5000W output<\/h3>\n<p style=\"font-family:&quot;Noto Sans SC&quot;;font-size:medium;font-weight:400;letter-spacing:normal;text-align:start;white-space:normal;color:rgb(0, 0, 0)\" align=\"start\">Kombinerer 4500W solcelleanl\u00e6g + 3000W generator\/generator\/landstr\u00f8m til ultrahurtig genopladning p\u00e5 1,5-3 timer. Driver kraftige enheder (op til 5000W) med ren sinusb\u00f8lgeudgang.<\/p>\n<h3 style=\"font-family:&quot;Noto Sans SC&quot;;letter-spacing:normal;text-align:start;white-space:normal;color:rgb(0, 0, 0)\" align=\"start\">Langtidsholdbart LiFePO4-batteri<\/h3>\n<p style=\"font-family:&quot;Noto Sans SC&quot;;font-size:medium;font-weight:400;letter-spacing:normal;text-align:start;white-space:normal;color:rgb(0, 0, 0)\" align=\"start\">5120Wh LiFePO4-batteri holder i mange \u00e5r (5000+ cyklusser) og forbliver stabilt under ekstreme forhold i off-grid-hjem eller autocampere.<\/p>\n<h3 style=\"font-family:&quot;Noto Sans SC&quot;;letter-spacing:normal;text-align:start;white-space:normal;color:rgb(0, 0, 0)\" align=\"start\">Solcelleklar og energibesparende<\/h3>\n<p style=\"font-family:&quot;Noto Sans SC&quot;;font-size:medium;font-weight:400;letter-spacing:normal;text-align:start;white-space:normal;color:rgb(0, 0, 0)\" align=\"start\">Indbygget MPPT maksimerer 4500W solenergiindgang, hvilket reducerer regningerne med 80%. Lagrer str\u00f8m uden for spidsbelastningstiden for at spare penge i dagtimerne.<\/p>\n<h3 style=\"font-family:&quot;Noto Sans SC&quot;;letter-spacing:normal;text-align:start;white-space:normal;color:rgb(0, 0, 0)\" align=\"start\">Alt-i-en UPS og smart styring<\/h3>\n<p style=\"font-family:&quot;Noto Sans SC&quot;;font-size:medium;font-weight:400;letter-spacing:normal;text-align:start;white-space:normal;color:rgb(0, 0, 0)\" align=\"start\">\u00d8jeblikkelig backup-str\u00f8m (&lt;10ms switch) under str\u00f8mafbrydelser. Overv\u00e5g og styr eksternt via Wi-Fi\/4G-app.<\/p>\n<h3 style=\"font-family:&quot;Noto Sans SC&quot;;letter-spacing:normal;text-align:start;white-space:normal;color:rgb(0, 0, 0)\" align=\"start\">Industriel og b\u00e6rbar<\/h3>\n<p style=\"font-family:&quot;Noto Sans SC&quot;;font-size:medium;font-weight:400;letter-spacing:normal;text-align:start;white-space:normal;color:rgb(0, 0, 0)\" align=\"start\">Kompakt design med IP65-klassificering til barske milj\u00f8er. Plug-and-play-ops\u00e6tning til hjem, autocampere eller n\u00f8dsituationer.<\/p>\n<p><\/p>\n<h2 style=\"font-family:&quot;Noto Sans SC&quot;;font-size:14px;letter-spacing:normal;text-align:start;white-space:normal;color:rgb(0, 0, 0);margin:10px 0px;margin-bottom:10px;margin-top:10px;margin-left:0px;margin-right:0px;padding:0px;padding-bottom:0px;padding-top:0px;padding-left:0px;padding-right:0px\" align=\"start\">Specifikation<\/h2>\n<p><\/p>\n<table style=\"border-collapse:collapse;font-family:&quot;Noto Sans SC&quot;;width:1000px\" class=\"jbEidtTable\" border=\"1\" cellpadding=\"5\" cellspacing=\"0\">\n<tbody>\n<tr>\n<td style=\"text-align:left;height:120.868px\" align=\"left\">\n<p><strong>Generel<\/strong><\/p>\n<\/td>\n<td style=\"text-align:left;height:120.868px\" align=\"left\">\n<p>M\u00e6rke: LANPWR<br \/>Type: Li-ioner (LFP \/ LiFePO4)<br \/>Model: UFOX-PLUS-35E<br \/>Farve: Hvid<\/p>\n<\/td>\n<\/tr>\n<tr>\n<td style=\"text-align:left;height:244.444px\" align=\"left\">\n<p><strong>Specifikation<\/strong><\/p>\n<\/td>\n<td style=\"text-align:left;height:244.444px\" align=\"left\">\n<p>Specifikation<br \/>Nominel sp\u00e6nding: 51,2V<br \/>Kapacitet: 5,12 kWh<br \/>Nominel effekt: 3500W<br \/>St\u00f8dningsstr\u00f8m: 7000W, 5s<br \/>Nominel udgangssp\u00e6nding: 220\/230\/240V<br \/>Maks. udgangsstr\u00f8m: 16A<br \/>Maks. PV-effekt (anbefalet): 4500W<br \/>Maks. PV-sp\u00e6nding: 450V<br \/>MPPT-sp\u00e6ndingsomr\u00e5de: 120~430V<br \/>Maks. PV-ladestr\u00f8m (batteri): 80A<\/p>\n<\/td>\n<\/tr>\n<tr>\n<td style=\"text-align:left;height:88.8889px\" align=\"left\">\n<p><strong>V\u00e6gt og st\u00f8rrelse<\/strong><\/p>\n<\/td>\n<td style=\"text-align:left;height:88.8889px\" align=\"left\">\n<p>Produktv\u00e6gt: 67,2 kg<br \/>Pakkev\u00e6gt: 70 kg<br \/>Produktst\u00f8rrelse (L x B x H): 585 * 611 * 230 mm<br \/>Pakkest\u00f8rrelse (L x B x H): 655 * 645 * 362 mm<\/p>\n<\/td>\n<\/tr>\n<tr>\n<td style=\"text-align:left;height:209.757px\" align=\"left\">\n<p><strong>Pakkens indhold<\/strong><\/p>\n<\/td>\n<td style=\"text-align:left;height:209.757px\" align=\"left\">\n<p>1 x solkraftv\u00e6rk<br \/>1 x WiFi-modulantenne<br \/>3 x R\u00f8rterminal r\u00f8d<br \/>3 x R\u00f8rterminal sort<br \/>2 x R\u00f8rterminal gul<br \/>1 x Brugermanual<br \/>1 x Kvalificeret certifikat<br \/>1 x APP-betjeningsvejledning<br \/>1 x pakkeliste<\/p>\n<\/td>\n<\/tr>\n<\/tbody>\n<\/table>\n<p><img decoding=\"async\" src=\"https:\/\/ae01.alicdn.com\/kf\/Sb1c378e788b04161817bb4f54630798dx.jpeg\" slate-data-type=\"image\"\/><img decoding=\"async\" src=\"https:\/\/ae01.alicdn.com\/kf\/Sed203d359d7d4804843144bcc45ac107s.jpeg\" slate-data-type=\"image\"\/><img decoding=\"async\" src=\"https:\/\/ae01.alicdn.com\/kf\/Sada0bffd785f4b4e9d33efb3c269d126A.jpeg\" slate-data-type=\"image\"\/><img decoding=\"async\" src=\"https:\/\/ae01.alicdn.com\/kf\/Sdd522bf880534d529a1acc5640b3276cv.jpeg\" slate-data-type=\"image\"\/><img decoding=\"async\" src=\"https:\/\/ae01.alicdn.com\/kf\/Scabbec8dc7394659aa6c105f42aa82caJ.jpeg\" slate-data-type=\"image\"\/><img decoding=\"async\" src=\"https:\/\/ae01.alicdn.com\/kf\/S57b59c48c3a54306aeead92575f0b5ade.jpeg\" slate-data-type=\"image\"\/><img decoding=\"async\" src=\"https:\/\/ae01.alicdn.com\/kf\/S4b84e03c395e416c8fff4e1e77766096i.jpeg\" slate-data-type=\"image\"\/><img decoding=\"async\" src=\"https:\/\/ae01.alicdn.com\/kf\/Sca61d7a440e34046b695cd61c723662as.jpeg\" slate-data-type=\"image\"\/><img decoding=\"async\" src=\"https:\/\/ae01.alicdn.com\/kf\/S30e49d2e1adb4a2e9f1fec66feba65dfT.jpeg\" slate-data-type=\"image\"\/><img decoding=\"async\" src=\"https:\/\/ae01.alicdn.com\/kf\/S7782a7bf3fcd49f9bca1a8223b4cc952T.jpeg\" slate-data-type=\"image\"\/><img decoding=\"async\" src=\"https:\/\/ae01.alicdn.com\/kf\/S10953597b45f4309960b07cd984e15c5W.jpeg\" slate-data-type=\"image\"\/><img decoding=\"async\" src=\"https:\/\/ae01.alicdn.com\/kf\/S0622d0352064421dacdcc980e05fde80H.jpeg\" slate-data-type=\"image\"\/><img decoding=\"async\" src=\"https:\/\/ae01.alicdn.com\/kf\/S154cc3f7e1694152af0a0b47d012fe34J.jpeg\" slate-data-type=\"image\"\/><\/p>","protected":false},"excerpt":{"rendered":"<p>Nominal Capacity:&nbsp;5120Wh Model Number:&nbsp;UFOX-PLUS-50E Type:&nbsp;LiFePO4 Set Type:&nbsp;Charger Sets Brand:&nbsp;LANPWR Type:&nbsp;Li-ions(LFP \/LiFePO4) Model:&nbsp;UFOX-PLUS-50E Capacity:&nbsp;5.12kWh Rated power:&nbsp;5000W Surge powe:&nbsp;Surge power 10000W, 5s:&nbsp;Max. output current Highlights 4-in-1 Fast Charging &amp; 5000W Output Combines<\/p>","protected":false},"featured_media":21719,"comment_status":"open","ping_status":"closed","template":"","meta":{"_acf_changed":false},"product_brand":[],"product_cat":[515],"product_tag":[],"class_list":{"0":"post-21717","1":"product","2":"type-product","3":"status-publish","4":"has-post-thumbnail","6":"product_cat-portable-power-stations","8":"first","9":"instock","10":"shipping-taxable","11":"purchasable","12":"product-type-simple"},"acf":[],"_links":{"self":[{"href":"https:\/\/electricstore.eu\/da\/wp-json\/wp\/v2\/product\/21717","targetHints":{"allow":["GET"]}}],"collection":[{"href":"https:\/\/electricstore.eu\/da\/wp-json\/wp\/v2\/product"}],"about":[{"href":"https:\/\/electricstore.eu\/da\/wp-json\/wp\/v2\/types\/product"}],"replies":[{"embeddable":true,"href":"https:\/\/electricstore.eu\/da\/wp-json\/wp\/v2\/comments?post=21717"}],"wp:featuredmedia":[{"embeddable":true,"href":"https:\/\/electricstore.eu\/da\/wp-json\/wp\/v2\/media\/21719"}],"wp:attachment":[{"href":"https:\/\/electricstore.eu\/da\/wp-json\/wp\/v2\/media?parent=21717"}],"wp:term":[{"taxonomy":"product_brand","embeddable":true,"href":"https:\/\/electricstore.eu\/da\/wp-json\/wp\/v2\/product_brand?post=21717"},{"taxonomy":"product_cat","embeddable":true,"href":"https:\/\/electricstore.eu\/da\/wp-json\/wp\/v2\/product_cat?post=21717"},{"taxonomy":"product_tag","embeddable":true,"href":"https:\/\/electricstore.eu\/da\/wp-json\/wp\/v2\/product_tag?post=21717"}],"curies":[{"name":"wp","href":"https:\/\/api.w.org\/{rel}","templated":true}]}}