{"id":21695,"date":"2025-05-20T18:21:15","date_gmt":"2025-05-20T18:21:15","guid":{"rendered":"https:\/\/electricstore.eu\/p\/uncategorized\/ampace-andes-1500-3600w-pure-sine-wave-portable-power-station-1462wh-lifepo4-capacity-solar-generator-full-charge-in-55min\/"},"modified":"2025-05-20T18:21:16","modified_gmt":"2025-05-20T18:21:16","slug":"ampace-andes-1500-3600w-pure-sine-wave-portable-power-station-1462wh-lifepo4-capacity-solar-generator-full-charge-in-55min","status":"publish","type":"product","link":"https:\/\/electricstore.eu\/da\/p\/batteries\/portable-power-stations\/ampace-andes-1500-3600w-pure-sine-wave-portable-power-station-1462wh-lifepo4-capacity-solar-generator-full-charge-in-55min\/","title":{"rendered":"Ampace Andes 1500 3600W ren sinusb\u00f8lge b\u00e6rbar kraftstation 1462Wh LiFePO4 kapacitet solgenerator fuld opladning p\u00e5 55 min"},"content":{"rendered":"<div class=\"product-specs-list-container\">\n<ul class=\"product-specs-list util-clearfix\">\n<li class=\"product-prop line-limit-length\"><span\n                                        class=\"property-title\">Nominel kapacitet:&nbsp;<\/span><span\n                                        class=\"property-desc line-limit-length\">1462Wh<\/span>\n                            <\/li>\n<li class=\"product-prop line-limit-length\"><span\n                                        class=\"property-title\">Modelnummer:&nbsp;<\/span><span\n                                        class=\"property-desc line-limit-length\">Andesbjergene 1500<\/span>\n                            <\/li>\n<li class=\"product-prop line-limit-length\"><span\n                                        class=\"property-title\">Type:&nbsp;<\/span><span\n                                        class=\"property-desc line-limit-length\">LiFePO4<\/span>\n                            <\/li>\n<li class=\"product-prop line-limit-length\"><span\n                                        class=\"property-title\">S\u00e6ttype:&nbsp;<\/span><span\n                                        class=\"property-desc line-limit-length\">Opladers\u00e6t<\/span>\n                            <\/li>\n<li class=\"product-prop line-limit-length\"><span\n                                        class=\"property-title\">M\u00e6rke:&nbsp;<\/span><span\n                                        class=\"property-desc line-limit-length\">Ampace<\/span>\n                            <\/li>\n<li class=\"product-prop line-limit-length\"><span\n                                        class=\"property-title\">Type:&nbsp;<\/span><span\n                                        class=\"property-desc line-limit-length\">B\u00e6rbart kraftv\u00e6rk<\/span>\n                            <\/li>\n<li class=\"product-prop line-limit-length\"><span\n                                        class=\"property-title\">Model:&nbsp;<\/span><span\n                                        class=\"property-desc line-limit-length\">Andesbjergene 1500<\/span>\n                            <\/li>\n<li class=\"product-prop line-limit-length\"><span\n                                        class=\"property-title\">Hjemme-EPS:&nbsp;<\/span><span\n                                        class=\"property-desc line-limit-length\">20 ms<\/span>\n                            <\/li>\n<li class=\"product-prop line-limit-length\"><span\n                                        class=\"property-title\">Certificering:&nbsp;<\/span><span\n                                        class=\"property-desc line-limit-length\">UL, CE, FCC, PSE, RoHS<\/span>\n                            <\/li>\n<li class=\"product-prop line-limit-length\"><span\n                                        class=\"property-title\">Cykluslevetid:&nbsp;<\/span><span\n                                        class=\"property-desc line-limit-length\">6000 cyklusser<\/span>\n                            <\/li>\n<li class=\"product-prop line-limit-length\"><span\n                                        class=\"property-title\">Cellekemisystem:&nbsp;<\/span><span\n                                        class=\"property-desc line-limit-length\">LiFePO4-system<\/span>\n                            <\/li>\n<li class=\"product-prop line-limit-length\"><span\n                                        class=\"property-title\">AC-udgangsstik:&nbsp;<\/span><span\n                                        class=\"property-desc line-limit-length\">Ren sinusb\u00f8lge<\/span>\n                            <\/li>\n<li class=\"product-prop line-limit-length\"><span\n                                        class=\"property-title\">Type A:&nbsp;<\/span><span\n                                        class=\"property-desc line-limit-length\">13 udgangsporte<\/span>\n                            <\/li>\n<\/ul><\/div>\n<p><\/p>\n<p style=\"font-family:&quot;Microsoft YaHei&quot;;font-size:medium;font-weight:400;letter-spacing:normal;text-align:start;white-space:normal;color:rgb(0, 0, 0)\" align=\"start\"><span style=\"font-size:x-large\">H\u00f8jdepunkter<\/span><\/p>\n<p><\/p>\n<h3 style=\"font-family:&quot;Microsoft YaHei&quot;;letter-spacing:normal;text-align:start;white-space:normal;color:rgb(0, 0, 0)\" align=\"start\">Hurtig genopladning<strong><br \/><\/strong><\/h3>\n<p style=\"font-family:&quot;Microsoft YaHei&quot;;font-size:medium;font-weight:400;letter-spacing:normal;text-align:start;white-space:normal;color:rgb(0, 0, 0)\" align=\"start\">Den b\u00e6rbare Ampace Andes 1500-kraftstation bruger A-boost-teknologi til ekstremt hurtig genopladning. Den kan n\u00e5 fuld kapacitet p\u00e5 bare 55 minutter, hurtigere end mange andre modeller. Den kan genoplades p\u00e5 3 til 5 timer med et 600W solpanel og p\u00e5 16 timer med en 96W biloplader.<strong><br \/><\/strong><\/p>\n<h3 style=\"font-family:&quot;Microsoft YaHei&quot;;letter-spacing:normal;text-align:start;white-space:normal;color:rgb(0, 0, 0)\" align=\"start\">Kraftfuld alsidighed<strong><br \/><\/strong><\/h3>\n<p style=\"font-family:&quot;Microsoft YaHei&quot;;font-size:medium;font-weight:400;letter-spacing:normal;text-align:start;white-space:normal;color:rgb(0, 0, 0)\" align=\"start\">Denne kraftstation har 13 alsidige porte og kan levere en effekt p\u00e5 op til 3600 W, hvilket letter bekymringerne for str\u00f8mafbrydelser. Den kan drive en r\u00e6kke husholdningsapparater, herunder projektorer, komfurer, elektriske grill, ovne, kaffemaskiner, k\u00f8leskabe, klimaanl\u00e6g, pl\u00e6neklippere med ledning, boremaskiner og rundsave. Derudover kan denne kraftstation nemt oplade mobile enheder som smartphones, b\u00e6rbare computere og tablets, hvilket sikrer, at du forbliver forbundet og produktiv, uanset hvor du er.<\/p>\n<h3 style=\"font-family:&quot;Microsoft YaHei&quot;;letter-spacing:normal;text-align:start;white-space:normal;color:rgb(0, 0, 0)\" align=\"start\">Flere anvendelige scenarier<strong><br \/><\/strong><\/h3>\n<p style=\"font-family:&quot;Microsoft YaHei&quot;;font-size:medium;font-weight:400;letter-spacing:normal;text-align:start;white-space:normal;color:rgb(0, 0, 0)\" align=\"start\">Takket v\u00e6re sin h\u00f8je udgangseffekt p\u00e5 3600W er Ampace Andes 1500 velegnet til forskellige situationer. Den kan blandt andet fungere som medicinsk str\u00f8mkilde, n\u00f8dstr\u00f8mkilde, campingstr\u00f8mkilde, backup-str\u00f8mkilde til hjemmet og str\u00f8mforsyning til kontoret. Derudover fungerer den godt selv under ekstreme forhold, s\u00e5som kolde temperaturer.<strong><br \/><\/strong><\/p>\n<h3 style=\"font-family:&quot;Microsoft YaHei&quot;;letter-spacing:normal;text-align:start;white-space:normal;color:rgb(0, 0, 0)\" align=\"start\">F\u00f8rsteklasses LFP-batterier og banebrydende SiC-materiale<strong><br \/><\/strong><\/h3>\n<p style=\"font-family:&quot;Microsoft YaHei&quot;;font-size:medium;font-weight:400;letter-spacing:normal;text-align:start;white-space:normal;color:rgb(0, 0, 0)\" align=\"start\">Med den h\u00f8jeste standard, ikke-brandbare og temperaturbestandige LFP-batterier og drevet af SiCPrime, tilbyder den b\u00e6rbare Ampace Andes 1500-kraftstation en exceptionel levetid med en cykluslevetid p\u00e5 6000 gange og sikrer uovertruffen sikkerhed for dine enheder ved at reducere energitab og varmeudvikling, samtidig med at den \u00f8ger energieffektiviteten.<strong><br \/><\/strong><\/p>\n<h3 style=\"font-family:&quot;Microsoft YaHei&quot;;letter-spacing:normal;text-align:start;white-space:normal;color:rgb(0, 0, 0)\" align=\"start\">Avanceret BMS og milj\u00f8venligt materiale<strong><br \/><\/strong><\/h3>\n<p style=\"font-family:&quot;Microsoft YaHei&quot;;font-size:medium;font-weight:400;letter-spacing:normal;text-align:start;white-space:normal;color:rgb(0, 0, 0)\" align=\"start\">Ampace Andes 1500 har et batteristyringssystem (BMS) i verdensklasse, der giver flere beskyttelser, herunder beskyttelse mod over-\/lav temperatur, over-\/lavsp\u00e6nding, overstr\u00f8msbeskyttelse, kortslutningsbeskyttelse og overbelastningsbeskyttelse. Kraftv\u00e6rket er fremstillet af milj\u00f8venlige materialer og fremmer en renere m\u00e5de at udnytte energi p\u00e5.<strong><br \/><\/strong><\/p>\n<h3 style=\"font-family:&quot;Microsoft YaHei&quot;;letter-spacing:normal;text-align:start;white-space:normal;color:rgb(0, 0, 0)\" align=\"start\">Smart APP-styring og valgfrie lystilstande<strong><br \/><\/strong><\/h3>\n<p style=\"font-family:&quot;Microsoft YaHei&quot;;font-size:medium;font-weight:400;letter-spacing:normal;text-align:start;white-space:normal;color:rgb(0, 0, 0)\" align=\"start\">Nyd problemfri kontrol med den smarte app, der giver dig mulighed for hurtigt at oplade dine enheder med blot et tryk. Str\u00f8mforsyningen tilbyder ogs\u00e5 4 valgfrie lystilstande: LED-lys, omgivende lys, SOS-lys og morsekodelys. Du kan nemt skifte til din foretrukne tilstand efter behov.<\/p>\n<p><\/p>\n<h2 style=\"font-family:&quot;Microsoft YaHei&quot;;font-size:14px;letter-spacing:normal;text-align:start;white-space:normal;color:rgb(0, 0, 0);margin:10px 0px;margin-bottom:10px;margin-top:10px;margin-left:0px;margin-right:0px;padding:0px;padding-bottom:0px;padding-top:0px;padding-left:0px;padding-right:0px\" align=\"start\">Specifikation<\/h2>\n<p><\/p>\n<table style=\"border-collapse:collapse;font-family:&quot;Microsoft YaHei&quot;;width:1865.89px\" border=\"1\" cellpadding=\"8\">\n<tbody>\n<tr>\n<td style=\"width:438.575px\">\n<p><strong>Generel<\/strong><\/p>\n<\/td>\n<td style=\"width:1392.91px\" width=\"466\">\n<p>M\u00e6rke: Ampace<br \/>Type: B\u00e6rbart kraftv\u00e6rk<br \/>Model: Andes 1500<br \/>Farve: Sort<\/p>\n<\/td>\n<\/tr>\n<tr>\n<td style=\"width:438.575px\">\n<p><strong>Specifikation<\/strong><\/p>\n<\/td>\n<td style=\"width:1392.91px\" width=\"466\">\n<p>Flere brugsscenarier: Ja<strong><br \/><\/strong>Premium LFP-batteri: Ja<strong><br \/><\/strong>Avanceret BMS: Ja<strong><br \/><\/strong>Milj\u00f8venlige materialer: Ja<strong><br \/><\/strong>App-kontrol: Ja<br \/>Certificering: UL, CE, FCC, PSE, RoHS<br \/>Hjemme-EPS: 20ms<br \/>Lys: LED-lys, omgivende lys, SOS-lys og morsekodelys<br \/>Opladningstemperatur: -20\u00b0C~45\u00b0C (-4\u00b0F~113\u00b0F)<br \/>Afladningstemperatur: -20\u00b0C~45\u00b0C (-4\u00b0F~113\u00b0F)<\/p>\n<\/td>\n<\/tr>\n<tr>\n<td style=\"width:438.575px\">\n<p><strong>Input<\/strong><\/p>\n<\/td>\n<td style=\"width:1392.91px\" width=\"466\">\n<p>AC-opladningsindgang: USA: 120V, 60Hz (A-Boost hurtigopladning: 1800W), UK\/EU\/AU\/ZA: 220~240V, 50Hz (A-Boost hurtigopladning: 2200W)<br \/>Solpanelopladningsindgang: DC 11~60V, 12A (600W maks.)<br \/>Bilopladningsindgang: DC 12V\/24V, 8A (96W maks.)<\/p>\n<\/td>\n<\/tr>\n<tr>\n<td style=\"width:438.575px\">\n<p><strong>Produktion<\/strong><\/p>\n<\/td>\n<td style=\"width:1392.91px\" width=\"466\">\n<p>4*USB-A udgangsporte: 5V\/3A, 9V\/2A, 12V\/1.5A, 18W maks., pr. port<br \/>4*AC-udgangsstik: Ren sinusb\u00f8lge, i alt 2400W (oversp\u00e6nding 3600W) USA: 120V, 60Hz, UK\/EU\/AU\/- ZA: 220~240V, 50Hz<strong><br \/><\/strong>2*USB-C udgangsporte: 5V\/3A, 9V\/3A, 12V\/3A, 15V\/3A, 20V\/5A, maks. 100W<br \/>2*DC5521 udgangsporte: 12,6V\/10A, maks. 120W<strong><br \/><\/strong>1*Bilport: 12,6V\/10A, maks. 120W<br \/>Maks. enhedseffekt underst\u00f8ttet af A-Turbo: 3600 W til ohmske belastninger<\/p>\n<\/td>\n<\/tr>\n<tr>\n<td style=\"width:438.575px\">\n<p><strong>Batteriinformation<\/strong><\/p>\n<p><\/td>\n<td style=\"width:1392.91px\" width=\"466\">\n<p>Cellekemisystem: LiFePO4-system<br \/>Cykluslevetid: 6000 cyklusser<br \/>Beskyttelse: L\u00e6kagebeskyttelse; Lavtemperaturbeskyttelse; Lavsp\u00e6ndingsbeskyttelse; Overstr\u00f8msbeskyttelse; Overbelastningsbeskyttelse; Overtemperaturbeskyttelse; Oversp\u00e6ndingsbeskyttelse; Kortslutningsbeskyttelse<\/p>\n<\/td>\n<\/tr>\n<tr>\n<td style=\"width:438.575px\">\n<p><strong>V\u00e6gt og st\u00f8rrelse<\/strong><\/p>\n<\/td>\n<td style=\"width:1392.91px\" width=\"466\">\n<p>Produktv\u00e6gt: 16,5 kg<br \/>Pakkev\u00e6gt: 18,2 kg<br \/>Produktst\u00f8rrelse (L x B x H): 436 \u00d7 195 \u00d7 335 mm<br \/>Pakkest\u00f8rrelse (L x B x H): 508 \u00d7 260 \u00d7 428 mm<\/p>\n<\/td>\n<\/tr>\n<tr>\n<td style=\"width:438.575px\">\n<p><strong>Pakkens indhold<\/strong><\/p>\n<\/td>\n<td style=\"width:1392.91px\" width=\"466\">\n<p>1 x Andes 1500 b\u00e6rbar kraftstation\u00a0<br \/>1 x AC-opladekabel\u00a0<br \/>1 x bilopladekabel\u00a0<br \/>1 x kabelpose\u00a0<br \/>1 x Brugermanual\u00a0<br \/>1 x garantikort\u00a0<\/p>\n<\/td>\n<\/tr>\n<\/tbody>\n<\/table>\n<p><img decoding=\"async\" src=\"https:\/\/ae01.alicdn.com\/kf\/S8cd07578d87f4bce857c68534ea64f91F.jpeg\" slate-data-type=\"image\"\/><img decoding=\"async\" src=\"https:\/\/ae01.alicdn.com\/kf\/Se2d8bf4f50264eb9961ca09eb885bc8aE.jpeg\" slate-data-type=\"image\"\/><img decoding=\"async\" src=\"https:\/\/ae01.alicdn.com\/kf\/Sc1165f5e2e67469a9a44b95e8afa7704Y.jpeg\" slate-data-type=\"image\"\/><img decoding=\"async\" src=\"https:\/\/ae01.alicdn.com\/kf\/Seb0d02b2c5fc436482906542f0a594700.jpeg\" slate-data-type=\"image\"\/><img decoding=\"async\" src=\"https:\/\/ae01.alicdn.com\/kf\/S65c965dc181a40ddb6447f04bbf8ecc4O.jpeg\" slate-data-type=\"image\"\/><img decoding=\"async\" src=\"https:\/\/ae01.alicdn.com\/kf\/S28ce9d48a2c24d4db17cdbecb72e5d01b.jpeg\" slate-data-type=\"image\"\/><img decoding=\"async\" src=\"https:\/\/ae01.alicdn.com\/kf\/Sc6cfb22f033042158c021150ee64b901n.jpeg\" slate-data-type=\"image\"\/><img decoding=\"async\" src=\"https:\/\/ae01.alicdn.com\/kf\/Sa3aee9efdafe4d6cbb43073b0847f5f9d.jpeg\" slate-data-type=\"image\"\/><img decoding=\"async\" src=\"https:\/\/ae01.alicdn.com\/kf\/S33beb1136b044dc5a271f490d7999c2fm.jpeg\" slate-data-type=\"image\"\/><img decoding=\"async\" src=\"https:\/\/ae01.alicdn.com\/kf\/Sfaa46db4c3c54f11b864dee1c9a28a21x.jpeg\" slate-data-type=\"image\"\/><img decoding=\"async\" src=\"https:\/\/ae01.alicdn.com\/kf\/Sa567d40aacff4b62ad420ea13e556943O.jpeg\" slate-data-type=\"image\"\/><\/p>","protected":false},"excerpt":{"rendered":"<p>Nominal Capacity:&nbsp;1462Wh Model Number:&nbsp;Andes 1500 Type:&nbsp;LiFePO4 Set Type:&nbsp;Charger Sets Brand:&nbsp;Ampace Type:&nbsp;Portable Power Station Model:&nbsp;Andes 1500 Home EPS:&nbsp;20ms Certification:&nbsp;UL, CE, FCC, PSE, RoHS Cycle Life:&nbsp;6000 Cycles Cell Chemistry System:&nbsp;LiFePO4 System AC<\/p>","protected":false},"featured_media":21697,"comment_status":"open","ping_status":"closed","template":"","meta":{"_acf_changed":false},"product_brand":[],"product_cat":[515],"product_tag":[],"class_list":{"0":"post-21695","1":"product","2":"type-product","3":"status-publish","4":"has-post-thumbnail","6":"product_cat-portable-power-stations","8":"first","9":"instock","10":"shipping-taxable","11":"purchasable","12":"product-type-simple"},"acf":[],"_links":{"self":[{"href":"https:\/\/electricstore.eu\/da\/wp-json\/wp\/v2\/product\/21695","targetHints":{"allow":["GET"]}}],"collection":[{"href":"https:\/\/electricstore.eu\/da\/wp-json\/wp\/v2\/product"}],"about":[{"href":"https:\/\/electricstore.eu\/da\/wp-json\/wp\/v2\/types\/product"}],"replies":[{"embeddable":true,"href":"https:\/\/electricstore.eu\/da\/wp-json\/wp\/v2\/comments?post=21695"}],"wp:featuredmedia":[{"embeddable":true,"href":"https:\/\/electricstore.eu\/da\/wp-json\/wp\/v2\/media\/21697"}],"wp:attachment":[{"href":"https:\/\/electricstore.eu\/da\/wp-json\/wp\/v2\/media?parent=21695"}],"wp:term":[{"taxonomy":"product_brand","embeddable":true,"href":"https:\/\/electricstore.eu\/da\/wp-json\/wp\/v2\/product_brand?post=21695"},{"taxonomy":"product_cat","embeddable":true,"href":"https:\/\/electricstore.eu\/da\/wp-json\/wp\/v2\/product_cat?post=21695"},{"taxonomy":"product_tag","embeddable":true,"href":"https:\/\/electricstore.eu\/da\/wp-json\/wp\/v2\/product_tag?post=21695"}],"curies":[{"name":"wp","href":"https:\/\/api.w.org\/{rel}","templated":true}]}}