{"id":21673,"date":"2025-05-20T18:21:00","date_gmt":"2025-05-20T18:21:00","guid":{"rendered":"https:\/\/electricstore.eu\/p\/uncategorized\/daxtromn-ggh-3-5kw-solar-inverter-5000w-pure-sine-wave-100a-mppt-solar-charger-max-500vdc-pv-input\/"},"modified":"2025-05-20T18:21:02","modified_gmt":"2025-05-20T18:21:02","slug":"daxtromn-ggh-3-5kw-solar-inverter-5000w-pure-sine-wave-100a-mppt-solar-charger-max-500vdc-pv-input","status":"publish","type":"product","link":"https:\/\/electricstore.eu\/da\/p\/batteries\/portable-power-stations\/daxtromn-ggh-3-5kw-solar-inverter-5000w-pure-sine-wave-100a-mppt-solar-charger-max-500vdc-pv-input\/","title":{"rendered":"DAXTROMN GGH-3.5KW solcelle-inverter 5000W ren sinusb\u00f8lge 100A MPPT solcelle-oplader maks. 500VDC PV-indgang"},"content":{"rendered":"<div class=\"product-specs-list-container\">\n<ul class=\"product-specs-list util-clearfix\">\n<li class=\"product-prop line-limit-length\"><span\n                                        class=\"property-title\">M\u00e6rke:&nbsp;<\/span><span\n                                        class=\"property-desc line-limit-length\">DAXTROMN<\/span>\n                            <\/li>\n<li class=\"product-prop line-limit-length\"><span\n                                        class=\"property-title\">Model:&nbsp;<\/span><span\n                                        class=\"property-desc line-limit-length\">GGH-3,5 kW<\/span>\n                            <\/li>\n<li class=\"product-prop line-limit-length\"><span\n                                        class=\"property-title\">Type:&nbsp;<\/span><span\n                                        class=\"property-desc line-limit-length\">Solcelle-inverter<\/span>\n                            <\/li>\n<li class=\"product-prop line-limit-length\"><span\n                                        class=\"property-title\">Fase:&nbsp;<\/span><span\n                                        class=\"property-desc line-limit-length\">1-fase<\/span>\n                            <\/li>\n<li class=\"product-prop line-limit-length\"><span\n                                        class=\"property-title\">Maksimal PV-indgangseffekt:&nbsp;<\/span><span\n                                        class=\"property-desc line-limit-length\">3500W<\/span>\n                            <\/li>\n<li class=\"product-prop line-limit-length\"><span\n                                        class=\"property-title\">Nominel udgangseffekt:&nbsp;<\/span><span\n                                        class=\"property-desc line-limit-length\">3500W\/3500VA<\/span>\n                            <\/li>\n<li class=\"product-prop line-limit-length\"><span\n                                        class=\"property-title\">MPPT sp\u00e6ndingsomr\u00e5de:&nbsp;<\/span><span\n                                        class=\"property-desc line-limit-length\">120-450 V j\u00e6vnstr\u00f8m<\/span>\n                            <\/li>\n<li class=\"product-prop line-limit-length\"><span\n                                        class=\"property-title\">St\u00f8dningsstr\u00f8m:&nbsp;<\/span><span\n                                        class=\"property-desc line-limit-length\">7000VA<\/span>\n                            <\/li>\n<\/ul><\/div>\n<p style=\"font-family:&quot;Microsoft YaHei&quot;;font-size:medium;font-weight:400;letter-spacing:normal;text-align:start;white-space:normal;color:rgb(0, 0, 0)\" align=\"start\"><strong><span style=\"font-size:x-large\">H\u00f8jdepunkter<\/span><\/strong><\/p>\n<p><\/p>\n<h3 style=\"font-family:&quot;Microsoft YaHei&quot;;letter-spacing:normal;text-align:start;white-space:normal;color:rgb(0, 0, 0)\" align=\"start\"><strong>Ren sinusb\u00f8lgeinverter<\/strong><\/h3>\n<p style=\"font-family:&quot;Microsoft YaHei&quot;;font-size:medium;font-weight:400;letter-spacing:normal;text-align:start;white-space:normal;color:rgb(0, 0, 0)\" align=\"start\">HYBRID Solar Inverter leverer ren, stabil str\u00f8m med en ren sinusb\u00f8lgeudgang, hvilket sikrer kompatibilitet med f\u00f8lsomme husholdningsapparater og personlige computere. Denne funktion garanterer optimal ydeevne og levetid for dine enheder.<\/p>\n<h3 style=\"font-family:&quot;Microsoft YaHei&quot;;letter-spacing:normal;text-align:start;white-space:normal;color:rgb(0, 0, 0)\" align=\"start\"><strong>Indbygget MPPT solcelleregulator<\/strong><\/h3>\n<p style=\"font-family:&quot;Microsoft YaHei&quot;;font-size:medium;font-weight:400;letter-spacing:normal;text-align:start;white-space:normal;color:rgb(0, 0, 0)\" align=\"start\">Denne solcelle-inverter er udstyret med en indbygget MPPT-regulator (Maximum Power Point Tracking) og maksimerer effektiviteten af dine solpaneler. Den sikrer, at den maksimale m\u00e6ngde energi h\u00f8stes fra dit solcellesystem, selv under varierende vejrforhold.<\/p>\n<h3 style=\"font-family:&quot;Microsoft YaHei&quot;;letter-spacing:normal;text-align:start;white-space:normal;color:rgb(0, 0, 0)\" align=\"start\"><strong>Automatisk genstartsfunktion<\/strong><\/h3>\n<p style=\"font-family:&quot;Microsoft YaHei&quot;;font-size:medium;font-weight:400;letter-spacing:normal;text-align:start;white-space:normal;color:rgb(0, 0, 0)\" align=\"start\">I tilf\u00e6lde af str\u00f8mafbrydelse genstarter inverteren automatisk, n\u00e5r vekselstr\u00f8mmen er genoprettet. Denne funktion sikrer, at dine enheder og systemer genoptager driften uden manuel indgriben.<\/p>\n<h3 style=\"font-family:&quot;Microsoft YaHei&quot;;letter-spacing:normal;text-align:start;white-space:normal;color:rgb(0, 0, 0)\" align=\"start\"><strong>Omfattende beskyttelse<\/strong><\/h3>\n<p style=\"font-family:&quot;Microsoft YaHei&quot;;font-size:medium;font-weight:400;letter-spacing:normal;text-align:start;white-space:normal;color:rgb(0, 0, 0)\" align=\"start\">HYBRID solcelle-inverteren har overbelastnings-, overtemperatur- og kortslutningsbeskyttelse. Disse sikkerhedsfunktioner beskytter dit udstyr og sikrer p\u00e5lidelig drift under forskellige forhold.<\/p>\n<h3 style=\"font-family:&quot;Microsoft YaHei&quot;;letter-spacing:normal;text-align:start;white-space:normal;color:rgb(0, 0, 0)\" align=\"start\"><strong>Smart batteriopladerdesign<\/strong><\/h3>\n<p style=\"font-family:&quot;Microsoft YaHei&quot;;font-size:medium;font-weight:400;letter-spacing:normal;text-align:start;white-space:normal;color:rgb(0, 0, 0)\" align=\"start\">Inverteren har et smart batteriopladerdesign, der optimerer batteriets ydeevne. Dette sikrer effektive opladnings- og afladningscyklusser, hvilket maksimerer dine batteriers levetid og p\u00e5lidelighed.<\/p>\n<h3 style=\"font-family:&quot;Microsoft YaHei&quot;;letter-spacing:normal;text-align:start;white-space:normal;color:rgb(0, 0, 0)\" align=\"start\"><strong>Koldstartsfunktion<\/strong><\/h3>\n<p style=\"font-family:&quot;Microsoft YaHei&quot;;font-size:medium;font-weight:400;letter-spacing:normal;text-align:start;white-space:normal;color:rgb(0, 0, 0)\" align=\"start\">HYBRIDINVERTEREN har en koldstartsfunktion, der g\u00f8r det muligt at starte og k\u00f8re selv i milj\u00f8er med lave temperaturer. Denne funktion sikrer, at du har adgang til str\u00f8m, n\u00e5r du har mest brug for det, uanset vejrforholdene.<\/p>\n<p><\/p>\n<h2 style=\"font-family:&quot;Microsoft YaHei&quot;;font-size:14px;letter-spacing:normal;text-align:start;white-space:normal;color:rgb(0, 0, 0);margin:10px 0px;margin-bottom:10px;margin-top:10px;margin-left:0px;margin-right:0px;padding:0px;padding-bottom:0px;padding-top:0px;padding-left:0px;padding-right:0px\" align=\"start\"><span style=\"font-size:28px\"><strong>Specifikation<\/strong><\/span><\/h2>\n<p><\/p>\n<table style=\"border-collapse:collapse;font-family:&quot;Microsoft YaHei&quot;;width:1000px\" class=\"jbEidtTable\" border=\"1\" cellpadding=\"5\" cellspacing=\"0\">\n<tbody>\n<tr>\n<td style=\"text-align:left;height:89px\" align=\"left\">\n<p>Generel<\/p>\n<\/td>\n<td style=\"text-align:left;height:89px\" align=\"left\">\n<p>M\u00e6rke: DAXTROMN\u00a0<br \/>Type: Solcelle-inverter<br \/>Model: GGH-3.5KW<br \/>Farve: Bl\u00e5-Hvid<\/p>\n<\/td>\n<\/tr>\n<tr>\n<td style=\"text-align:left;height:22px\" align=\"left\">\n<p>Specifikation<\/p>\n<\/td>\n<td style=\"text-align:left;height:22px\" align=\"left\">\n<p>Fase: 1-fase<br \/>Maksimal PV-indgangseffekt: 3500W<br \/>Nominel udgangseffekt: 3500W\/3500VA<br \/>Maksimal solopladningsstr\u00f8m: 100A<\/p>\n<p>GRID-TIE-DRIFT<br \/>Nominel DC-sp\u00e6nding\/Maksimal DC-sp\u00e6nding: 360 VDC\/500 VDC<br \/>Opstartssp\u00e6nding\/indledende f\u00f8desp\u00e6nding: 90VDC\/120VDC<br \/>MPPT-sp\u00e6ndingsomr\u00e5de: 120-450 VDC<br \/>Antal MPPT\/maks. indgangsstr\u00f8m: 1\/23A<\/p>\n<p>NETUDGANG (AC)<br \/>Nominel udgangssp\u00e6nding: 220\/230\/240VAC<br \/>Udgangssp\u00e6ndingsomr\u00e5de: 195,5-253 VAC<br \/>Nominel udgangsstr\u00f8m: 15,7A<br \/>Effektfaktor: &gt;0,99<\/p>\n<p>OFF-GRID-DRIFT<br \/>AC-indgang:\u00a0<br \/>AC opstartssp\u00e6nding\/automatisk genstartssp\u00e6nding: 120-140VAC\/180VAC<br \/>Acceptabelt indgangssp\u00e6ndingsomr\u00e5de: 90-280VAC eller 170-280VAC<br \/>Maksimal AC-indgangsstr\u00f8m: 60A<br \/>Nominel driftsfrekvens: 50\/60Hz<br \/>St\u00f8dningsstr\u00f8m: 7000VA<\/p>\n<p>BATTERITILSTANDSUDGANG (AC)<br \/>Nominel udgangssp\u00e6nding: 220\/230\/240VAC<br \/>Udgangsb\u00f8lgeform: Ren sinusb\u00f8lge<br \/>Effektivitet (DC til AC): 94%<\/p>\n<p>BATTERI OG OPLADER<br \/>Nominel DC-sp\u00e6nding:\u00a0<br \/>Maksimal solopladningsstr\u00f8m: 100A<br \/>Maksimal AC-ladestr\u00f8m: 60A<\/p>\n<p>Driftstemperatur: -10-50\u00b0C<\/p>\n<\/td>\n<\/tr>\n<tr>\n<td style=\"text-align:left;height:89px\" align=\"left\">\n<p>V\u00e6gt og st\u00f8rrelse<\/p>\n<\/td>\n<td style=\"text-align:left;height:89px\" align=\"left\">\n<p>Produktv\u00e6gt: 10 kg<br \/>Pakkev\u00e6gt: 11 kg<br \/>Produktst\u00f8rrelse (L x B x H): 49x30x11 cm<br \/>Pakkest\u00f8rrelse (L x B x H): 54 x 35 x 18 cm<\/p>\n<\/td>\n<\/tr>\n<tr>\n<td style=\"text-align:left;height:52px\" align=\"left\">\n<p>Pakkens indhold<\/p>\n<\/td>\n<td style=\"text-align:left;height:52px\" align=\"left\">\n<p>1 x solcelleomformer<br \/>1 x Brugermanual<\/p>\n<\/td>\n<\/tr>\n<\/tbody>\n<\/table>\n<p><img decoding=\"async\" src=\"https:\/\/ae01.alicdn.com\/kf\/Seebe50769e384c328b0befe2f6be0f7co.jpg\" slate-data-type=\"image\"\/><img decoding=\"async\" src=\"https:\/\/ae01.alicdn.com\/kf\/S5a6f10d0492b45ecabf7ec9b6e89aed5m.jpg\" slate-data-type=\"image\"\/><img decoding=\"async\" src=\"https:\/\/ae01.alicdn.com\/kf\/Sdf9fe3bb10764eb0ac0dccbdf46aff04m.jpg\" slate-data-type=\"image\"\/><img decoding=\"async\" src=\"https:\/\/ae01.alicdn.com\/kf\/Sf1ba4738d8d54109a909917b871d9b5b3.jpg\" slate-data-type=\"image\"\/><img decoding=\"async\" src=\"https:\/\/ae01.alicdn.com\/kf\/S273fecaa7ff948949ab0e3f281034028C.jpg\" slate-data-type=\"image\"\/><img decoding=\"async\" src=\"https:\/\/ae01.alicdn.com\/kf\/S7d183739390641e2bbe639e7afc9d0a5L.jpg\" slate-data-type=\"image\"\/><img decoding=\"async\" src=\"https:\/\/ae01.alicdn.com\/kf\/S77e7b505dafc48a1ac01594ae1e94cbep.jpg\" slate-data-type=\"image\"\/><img decoding=\"async\" src=\"https:\/\/ae01.alicdn.com\/kf\/S399626c6b7f44a43a6f0d1acdd944273B.jpg\" slate-data-type=\"image\"\/><img decoding=\"async\" src=\"https:\/\/ae01.alicdn.com\/kf\/S9435f066b37b4adcbba75db39801cd75F.jpg\" slate-data-type=\"image\"\/><img decoding=\"async\" src=\"https:\/\/ae01.alicdn.com\/kf\/Sf8a53685f7174b28930514e1be489bc6b.jpg\" slate-data-type=\"image\"\/><img decoding=\"async\" src=\"https:\/\/ae01.alicdn.com\/kf\/S8995435ef77d462f9237c8cf0404227dB.jpg\" slate-data-type=\"image\"\/><\/p>","protected":false},"excerpt":{"rendered":"<p>Brand:&nbsp;DAXTROMN Model:&nbsp;GGH-3.5KW Type:&nbsp;Solar Inverter Phase:&nbsp;1-Phase Maximum PV Input Power:&nbsp;3500W Rated Output Power:&nbsp;3500W\/3500VA MPPT Voltage Range:&nbsp;120-450VDC Surge power:&nbsp;7000VA Highlights Pure Sine Wave Inverter The HYBRID Solar Inverter provides clean, stable power<\/p>","protected":false},"featured_media":21674,"comment_status":"open","ping_status":"closed","template":"","meta":{"_acf_changed":false},"product_brand":[],"product_cat":[515],"product_tag":[],"class_list":{"0":"post-21673","1":"product","2":"type-product","3":"status-publish","4":"has-post-thumbnail","6":"product_cat-portable-power-stations","8":"first","9":"instock","10":"shipping-taxable","11":"purchasable","12":"product-type-simple"},"acf":[],"_links":{"self":[{"href":"https:\/\/electricstore.eu\/da\/wp-json\/wp\/v2\/product\/21673","targetHints":{"allow":["GET"]}}],"collection":[{"href":"https:\/\/electricstore.eu\/da\/wp-json\/wp\/v2\/product"}],"about":[{"href":"https:\/\/electricstore.eu\/da\/wp-json\/wp\/v2\/types\/product"}],"replies":[{"embeddable":true,"href":"https:\/\/electricstore.eu\/da\/wp-json\/wp\/v2\/comments?post=21673"}],"wp:featuredmedia":[{"embeddable":true,"href":"https:\/\/electricstore.eu\/da\/wp-json\/wp\/v2\/media\/21674"}],"wp:attachment":[{"href":"https:\/\/electricstore.eu\/da\/wp-json\/wp\/v2\/media?parent=21673"}],"wp:term":[{"taxonomy":"product_brand","embeddable":true,"href":"https:\/\/electricstore.eu\/da\/wp-json\/wp\/v2\/product_brand?post=21673"},{"taxonomy":"product_cat","embeddable":true,"href":"https:\/\/electricstore.eu\/da\/wp-json\/wp\/v2\/product_cat?post=21673"},{"taxonomy":"product_tag","embeddable":true,"href":"https:\/\/electricstore.eu\/da\/wp-json\/wp\/v2\/product_tag?post=21673"}],"curies":[{"name":"wp","href":"https:\/\/api.w.org\/{rel}","templated":true}]}}