{"id":21649,"date":"2025-05-20T18:20:42","date_gmt":"2025-05-20T18:20:42","guid":{"rendered":"https:\/\/electricstore.eu\/p\/uncategorized\/blackview-oscal-pm100-foldable-solar-panel-ip65-waterproof-with-type-c-qc3-0-usb-output-and-5-in-1-cable\/"},"modified":"2025-05-20T18:20:49","modified_gmt":"2025-05-20T18:20:49","slug":"blackview-oscal-pm100-foldable-solar-panel-ip65-waterproof-with-type-c-qc3-0-usb-output-and-5-in-1-cable","status":"publish","type":"product","link":"https:\/\/electricstore.eu\/da\/p\/batteries\/foldable-solar-panels\/blackview-oscal-pm100-foldable-solar-panel-ip65-waterproof-with-type-c-qc3-0-usb-output-and-5-in-1-cable\/","title":{"rendered":"Blackview Oscal PM100 Foldbart Solpanel, IP65 Vandt\u00e6t, med Type-C QC3.0, USB-udgang og 5-i-1 Kabel"},"content":{"rendered":"<div class=\"product-specs-list-container\">\n<ul class=\"product-specs-list util-clearfix\">\n<li class=\"product-prop line-limit-length\"><span\n                                        class=\"property-title\">Nominel kapacitet:&nbsp;<\/span><span\n                                        class=\"property-desc line-limit-length\">100W<\/span>\n                            <\/li>\n<li class=\"product-prop line-limit-length\"><span\n                                        class=\"property-title\">Modelnummer:&nbsp;<\/span><span\n                                        class=\"property-desc line-limit-length\">PM100<\/span>\n                            <\/li>\n<li class=\"product-prop line-limit-length\"><span\n                                        class=\"property-title\">Type:&nbsp;<\/span><span\n                                        class=\"property-desc line-limit-length\">Li-ion<\/span>\n                            <\/li>\n<li class=\"product-prop line-limit-length\"><span\n                                        class=\"property-title\">S\u00e6ttype:&nbsp;<\/span><span\n                                        class=\"property-desc line-limit-length\">Opladers\u00e6t<\/span>\n                            <\/li>\n<li class=\"product-prop line-limit-length\"><span\n                                        class=\"property-title\">M\u00e6rke:&nbsp;<\/span><span\n                                        class=\"property-desc line-limit-length\">Blackview Oscal<\/span>\n                            <\/li>\n<li class=\"product-prop line-limit-length\"><span\n                                        class=\"property-title\">Model:&nbsp;<\/span><span\n                                        class=\"property-desc line-limit-length\">PM100<\/span>\n                            <\/li>\n<li class=\"product-prop line-limit-length\"><span\n                                        class=\"property-title\">Type:&nbsp;<\/span><span\n                                        class=\"property-desc line-limit-length\">Sammenklappeligt solpanel<\/span>\n                            <\/li>\n<li class=\"product-prop line-limit-length\"><span\n                                        class=\"property-title\">Bed\u00f8m effekt:&nbsp;<\/span><span\n                                        class=\"property-desc line-limit-length\">100W<\/span>\n                            <\/li>\n<li class=\"product-prop line-limit-length\"><span\n                                        class=\"property-title\">Celleeffektivitet:&nbsp;<\/span><span\n                                        class=\"property-desc line-limit-length\">\u226523%<\/span>\n                            <\/li>\n<li class=\"product-prop line-limit-length\"><span\n                                        class=\"property-title\">Cellelaminering:&nbsp;<\/span><span\n                                        class=\"property-desc line-limit-length\">ETFE<\/span>\n                            <\/li>\n<li class=\"product-prop line-limit-length\"><span\n                                        class=\"property-title\">Celletype:&nbsp;<\/span><span\n                                        class=\"property-desc line-limit-length\">Monokrystallinsk silicium<\/span>\n                            <\/li>\n<li class=\"product-prop line-limit-length\"><span\n                                        class=\"property-title\">Funktioner 01:&nbsp;<\/span><span\n                                        class=\"property-desc line-limit-length\">b\u00e6rbart kraftv\u00e6rk<\/span>\n                            <\/li>\n<li class=\"product-prop line-limit-length\"><span\n                                        class=\"property-title\">Funktioner 02:&nbsp;<\/span><span\n                                        class=\"property-desc line-limit-length\">kraftv\u00e6rk<\/span>\n                            <\/li>\n<li class=\"product-prop line-limit-length\"><span\n                                        class=\"property-title\">Funktioner 03:&nbsp;<\/span><span\n                                        class=\"property-desc line-limit-length\">b\u00e6rbart solkraftv\u00e6rk<\/span>\n                            <\/li>\n<li class=\"product-prop line-limit-length\"><span\n                                        class=\"property-title\">Funktioner 04:&nbsp;<\/span><span\n                                        class=\"property-desc line-limit-length\">ladestationer<\/span>\n                            <\/li>\n<li class=\"product-prop line-limit-length\"><span\n                                        class=\"property-title\">Funktioner 05:&nbsp;<\/span><span\n                                        class=\"property-desc line-limit-length\">solgenerator<\/span>\n                            <\/li>\n<li class=\"product-prop line-limit-length\"><span\n                                        class=\"property-title\">Funktioner 06:&nbsp;<\/span><span\n                                        class=\"property-desc line-limit-length\">benzin elektrisk generator<\/span>\n                            <\/li>\n<\/ul><\/div>\n<p><\/p>\n<p style=\"font-family:&quot;Microsoft YaHei&quot;;font-size:medium;font-weight:400;letter-spacing:normal;text-align:start;white-space:normal;color:rgb(0, 0, 0)\" align=\"start\"><strong><span style=\"font-size:x-large\">H\u00f8jdepunkter<\/span><\/strong><\/p>\n<p><\/p>\n<h3 style=\"font-family:&quot;Microsoft YaHei&quot;;letter-spacing:normal;text-align:start;white-space:normal;color:rgb(0, 0, 0)\" align=\"start\"><strong>H\u00f8jeffektiv solenergi<\/strong><\/h3>\n<p style=\"font-family:&quot;Microsoft YaHei&quot;;font-size:medium;font-weight:400;letter-spacing:normal;text-align:start;white-space:normal;color:rgb(0, 0, 0)\" align=\"start\">PM100 b\u00e6rbare solpaneler opn\u00e5r en imponerende 23% konverteringshastighed takket v\u00e6re banebrydende monokrystallinske celler. De er fremstillet af holdbart ETFE-materiale og tilbyder overlegen lysgennemgang og konverteringseffektivitet, hvilket sikrer p\u00e5lidelig og milj\u00f8venlig str\u00f8m til dine energibehov.<\/p>\n<h3 style=\"font-family:&quot;Microsoft YaHei&quot;;letter-spacing:normal;text-align:start;white-space:normal;color:rgb(0, 0, 0)\" align=\"start\"><strong>Kompatibel og alsidig<\/strong><\/h3>\n<p style=\"font-family:&quot;Microsoft YaHei&quot;;font-size:medium;font-weight:400;letter-spacing:normal;text-align:start;white-space:normal;color:rgb(0, 0, 0)\" align=\"start\">Vores b\u00e6rbare solpanel har en Type-C QC3.0 og USB-udgang. Oplad dine mobiltelefoner, tablets og mere direkte fra solen, og nyd en kraftig 20V DC-udgang, der leverer praktisk og effektiv energi, uanset hvor du g\u00e5r.<\/p>\n<h3 style=\"font-family:&quot;Microsoft YaHei&quot;;letter-spacing:normal;text-align:start;white-space:normal;color:rgb(0, 0, 0)\" align=\"start\"><strong>Sammenklappelig og b\u00e6rbar<\/strong><\/h3>\n<p style=\"font-family:&quot;Microsoft YaHei&quot;;font-size:medium;font-weight:400;letter-spacing:normal;text-align:start;white-space:normal;color:rgb(0, 0, 0)\" align=\"start\">Oplev kraften i b\u00e6rbar solenergi! Vores solpaneler kan prale af en kompakt, lukket st\u00f8rrelse p\u00e5 59,5 x 61,5 x 4,3 cm og en v\u00e6gt p\u00e5 blot 3,6 kg. H\u00e6ng dem p\u00e5 din autocamper eller dit telt som en mappe, og f\u00e5 praktisk og let energi p\u00e5 farten.<\/p>\n<h3 style=\"font-family:&quot;Microsoft YaHei&quot;;letter-spacing:normal;text-align:start;white-space:normal;color:rgb(0, 0, 0)\" align=\"start\"><strong>Beskyt dine solpaneler<\/strong><\/h3>\n<p style=\"font-family:&quot;Microsoft YaHei&quot;;font-size:medium;font-weight:400;letter-spacing:normal;text-align:start;white-space:normal;color:rgb(0, 0, 0)\" align=\"start\">Krypteret, vandt\u00e6t presenning beskytter mod st\u00e6nk (uds\u00e6t den ikke for regn eller vand), IP65-beskyttelse og lynl\u00e5slommer beskytter str\u00f8mledninger og udgangsporte. G\u00f8r dit udend\u00f8rseventyr endnu bedre med p\u00e5lidelig solenergi.<\/p>\n<h3 style=\"font-family:&quot;Microsoft YaHei&quot;;letter-spacing:normal;text-align:start;white-space:normal;color:rgb(0, 0, 0)\" align=\"start\"><strong>Fem-i-et opladningskabel<\/strong><\/h3>\n<p style=\"font-family:&quot;Microsoft YaHei&quot;;font-size:medium;font-weight:400;letter-spacing:normal;text-align:start;white-space:normal;color:rgb(0, 0, 0)\" align=\"start\">Det b\u00e6rbare solpanel inkluderer et MC4 til Anderson-opladekabel og et Five-in-One-kabel med Anderson-, 7909-, 6530-, XT60- og 5521-gr\u00e6nseflader. Kompatibel med OSCAL-kraftv\u00e6rker for problemfri str\u00f8ml\u00f8sninger.<\/p>\n<p><\/p>\n<h2 style=\"font-family:&quot;Microsoft YaHei&quot;;font-size:14px;letter-spacing:normal;text-align:start;white-space:normal;color:rgb(0, 0, 0);margin:10px 0px;margin-bottom:10px;margin-top:10px;margin-left:0px;margin-right:0px;padding:0px;padding-bottom:0px;padding-top:0px;padding-left:0px;padding-right:0px\" align=\"start\"><span style=\"font-size:26px\"><strong>Specifikation<\/strong><\/span><\/h2>\n<p><\/p>\n<table style=\"border-collapse:collapse;font-family:&quot;Microsoft YaHei&quot;;width:1000px\" class=\"jbEidtTable\" border=\"1\" cellpadding=\"5\" cellspacing=\"0\">\n<tbody>\n<tr>\n<td style=\"text-align:left\" align=\"left\">\n<p><strong>Generel<\/strong><\/p>\n<\/td>\n<td style=\"text-align:left\" align=\"left\">\n<p>M\u00e6rke: Blackview Oscal<br \/>Type: Sammenklappeligt solpanel<br \/>Model: PM100<br \/>Farve: Sort<\/p>\n<\/td>\n<\/tr>\n<tr>\n<td style=\"text-align:left\" align=\"left\">\n<p><strong>Specifikation<\/strong><\/p>\n<\/td>\n<td style=\"text-align:left\" align=\"left\">\n<p>Effekt: 100W<br \/>\u00c5ben kredsl\u00f8bssp\u00e6nding: 24,7V \u00b1 5%<br \/>Kortslutningsstr\u00f8m: 5,6A \u00b1 51TP 7T<br \/>Celleeffektivitet: \u226523%<br \/>Cellelaminering: ETFE<br \/>Celletype: Monokrystallinsk silicium<br \/>Driftstemperatur: -10+65\u00b0C<\/p>\n<\/td>\n<\/tr>\n<tr>\n<td style=\"text-align:left\" align=\"left\">\n<p><strong>V\u00e6gt og st\u00f8rrelse<\/strong><\/p>\n<\/td>\n<td style=\"text-align:left\" align=\"left\">\n<p>Produktv\u00e6gt: 3,75 kg<br \/>Pakkev\u00e6gt: 4 kg<br \/>Produktst\u00f8rrelse (L x B x H): Udfoldet: 122,8 * 53,6 * 2,5 cm, Foldet: 53,6 * 60,8 * 3,8 cm<br \/>Pakkest\u00f8rrelse (L x B x H): 62 * 70 * 15,5 cm<\/p>\n<\/td>\n<\/tr>\n<tr>\n<td style=\"text-align:left\" align=\"left\">\n<p><strong>Pakkens indhold<\/strong><\/p>\n<\/td>\n<td style=\"text-align:left\" align=\"left\">\n<p>1 x PM100 b\u00e6rbart solpanel<br \/>1 x MC4 til Anderson-kabel<br \/>1 x MC4 til Anderson, 7909, 6530, XT60, 5521 kabel<br \/>1 x Brugermanual<\/p>\n<\/td>\n<\/tr>\n<\/tbody>\n<\/table>\n<h1 style=\"font-family:&quot;Microsoft YaHei&quot;;font-size:medium;font-weight:400;letter-spacing:normal;text-align:start;white-space:normal;color:rgb(0, 0, 0)\" align=\"start\"><\/h1>\n<p style=\"font-family:&quot;Microsoft YaHei&quot;;font-size:medium;font-weight:400;letter-spacing:normal;text-align:start;white-space:normal;color:rgb(0, 0, 0)\" align=\"start\"><img decoding=\"async\" src=\"https:\/\/ae01.alicdn.com\/kf\/Sdf1da53a0963488bb126a8bd1865c626n.jpg\" slate-data-type=\"image\"\/><img decoding=\"async\" src=\"https:\/\/ae01.alicdn.com\/kf\/S826b649cdbb94118b5d6bd250a2fbc99h.jpg\" slate-data-type=\"image\"\/><img decoding=\"async\" src=\"https:\/\/ae01.alicdn.com\/kf\/S0d9e1134cf564d0fa0526e27a1adfb506.jpg\" slate-data-type=\"image\"\/><img decoding=\"async\" src=\"https:\/\/ae01.alicdn.com\/kf\/S4b1956d8981d42c099421e4d24bce32e1.jpg\" slate-data-type=\"image\"\/><img decoding=\"async\" src=\"https:\/\/ae01.alicdn.com\/kf\/Sf5d6000aa58a4fdc8fa853da267b697eS.jpg\" slate-data-type=\"image\"\/><img decoding=\"async\" src=\"https:\/\/ae01.alicdn.com\/kf\/S065f68d679444ccbb47cd952e6b27e7dW.jpg\" slate-data-type=\"image\"\/><img decoding=\"async\" src=\"https:\/\/ae01.alicdn.com\/kf\/S147ce5e334bc442d90e619dd03fd6887K.jpg\" slate-data-type=\"image\"\/><img decoding=\"async\" src=\"https:\/\/ae01.alicdn.com\/kf\/S24a5af61952b46518458afcde4f4588aL.jpg\" slate-data-type=\"image\"\/><img decoding=\"async\" src=\"https:\/\/ae01.alicdn.com\/kf\/Sf0bdd2ab7751420bb179d37ad350b934E.jpg\" slate-data-type=\"image\"\/><img decoding=\"async\" src=\"https:\/\/ae01.alicdn.com\/kf\/S5fabaf3275174858b4af674258739217A.jpg\" slate-data-type=\"image\"\/><\/p>","protected":false},"excerpt":{"rendered":"<p>Nominal Capacity:&nbsp;100W Model Number:&nbsp;PM100 Type:&nbsp;Li-Ion Set Type:&nbsp;Charger Sets Brand:&nbsp;Blackview Oscal Model:&nbsp;PM100 Type:&nbsp;Foldable Solar Panel Rate Power:&nbsp;100W Cell Efficiency:&nbsp;\u226523% Cell Lamination:&nbsp;ETFE Cell Type:&nbsp;Monocrystalline Silicon Features 01:&nbsp;portable power station Features 02:&nbsp;power station<\/p>","protected":false},"featured_media":21650,"comment_status":"open","ping_status":"closed","template":"","meta":{"_acf_changed":false},"product_brand":[],"product_cat":[531],"product_tag":[],"class_list":{"0":"post-21649","1":"product","2":"type-product","3":"status-publish","4":"has-post-thumbnail","6":"product_cat-foldable-solar-panels","8":"first","9":"instock","10":"shipping-taxable","11":"purchasable","12":"product-type-simple"},"acf":[],"_links":{"self":[{"href":"https:\/\/electricstore.eu\/da\/wp-json\/wp\/v2\/product\/21649","targetHints":{"allow":["GET"]}}],"collection":[{"href":"https:\/\/electricstore.eu\/da\/wp-json\/wp\/v2\/product"}],"about":[{"href":"https:\/\/electricstore.eu\/da\/wp-json\/wp\/v2\/types\/product"}],"replies":[{"embeddable":true,"href":"https:\/\/electricstore.eu\/da\/wp-json\/wp\/v2\/comments?post=21649"}],"wp:featuredmedia":[{"embeddable":true,"href":"https:\/\/electricstore.eu\/da\/wp-json\/wp\/v2\/media\/21650"}],"wp:attachment":[{"href":"https:\/\/electricstore.eu\/da\/wp-json\/wp\/v2\/media?parent=21649"}],"wp:term":[{"taxonomy":"product_brand","embeddable":true,"href":"https:\/\/electricstore.eu\/da\/wp-json\/wp\/v2\/product_brand?post=21649"},{"taxonomy":"product_cat","embeddable":true,"href":"https:\/\/electricstore.eu\/da\/wp-json\/wp\/v2\/product_cat?post=21649"},{"taxonomy":"product_tag","embeddable":true,"href":"https:\/\/electricstore.eu\/da\/wp-json\/wp\/v2\/product_tag?post=21649"}],"curies":[{"name":"wp","href":"https:\/\/api.w.org\/{rel}","templated":true}]}}