{"id":21590,"date":"2025-05-20T18:20:09","date_gmt":"2025-05-20T18:20:09","guid":{"rendered":"https:\/\/electricstore.eu\/p\/uncategorized\/eleglide-c1-27-5-adult-electric-bike-150km-range-250w-mid-drive-motor-16v-14-5ah-battery-electric-road-bikes-electric-bicycle\/"},"modified":"2025-05-20T18:20:14","modified_gmt":"2025-05-20T18:20:14","slug":"eleglide-c1-27-5-adult-electric-bike-150km-range-250w-mid-drive-motor-16v-14-5ah-battery-electric-road-bikes-electric-bicycle","status":"publish","type":"product","link":"https:\/\/electricstore.eu\/da\/p\/bikes\/eleglide-c1-27-5-adult-electric-bike-150km-range-250w-mid-drive-motor-16v-14-5ah-battery-electric-road-bikes-electric-bicycle\/","title":{"rendered":"Eleglide C1 27,5\u2033 Elcykel til voksne 150 km r\u00e6kkevidde 250W midterdrevsmotor 16V 14,5Ah batteri Elektriske landevejscykler Elcykel"},"content":{"rendered":"<div class=\"product-specs-list-container\">\n<ul class=\"product-specs-list util-clearfix\">\n<li class=\"product-prop line-limit-length\"><span\n                                        class=\"property-title\">Cykeloph\u00e6ngstyper:&nbsp;<\/span><span\n                                        class=\"property-desc line-limit-length\">Robust<\/span>\n                            <\/li>\n<li class=\"product-prop line-limit-length\"><span\n                                        class=\"property-title\">Bremsesystem:&nbsp;<\/span><span\n                                        class=\"property-desc line-limit-length\">Mekanisk skivebremse for og bag<\/span>\n                            <\/li>\n<li class=\"product-prop line-limit-length\"><span\n                                        class=\"property-title\">Hjulst\u00f8rrelse:&nbsp;<\/span><span\n                                        class=\"property-desc line-limit-length\">27.5&#039;&#039;<\/span>\n                            <\/li>\n<li class=\"product-prop line-limit-length\"><span\n                                        class=\"property-title\">M\u00e6rke:&nbsp;<\/span><span\n                                        class=\"property-desc line-limit-length\">Eleglide<\/span>\n                            <\/li>\n<li class=\"product-prop line-limit-length\"><span\n                                        class=\"property-title\">Nettov\u00e6gt:&nbsp;<\/span><span\n                                        class=\"property-desc line-limit-length\">5,5 kg<\/span>\n                            <\/li>\n<li class=\"product-prop line-limit-length\"><span\n                                        class=\"property-title\">Rammens st\u00f8rrelse:&nbsp;<\/span><span\n                                        class=\"property-desc line-limit-length\">27,5&quot; x 19&quot;<\/span>\n                            <\/li>\n<li class=\"product-prop line-limit-length\"><span\n                                        class=\"property-title\">Maksimal belastning p\u00e5 cykel:&nbsp;<\/span><span\n                                        class=\"property-desc line-limit-length\">120 kg<\/span>\n                            <\/li>\n<li class=\"product-prop line-limit-length\"><span\n                                        class=\"property-title\">Afsk\u00e6ringshastighed:&nbsp;<\/span><span\n                                        class=\"property-desc line-limit-length\">25 km\/t<\/span>\n                            <\/li>\n<li class=\"product-prop line-limit-length\"><span\n                                        class=\"property-title\">Maks. r\u00e6kkevidde:&nbsp;<\/span><span\n                                        class=\"property-desc line-limit-length\">150 km (assistancetilstand)<\/span>\n                            <\/li>\n<li class=\"product-prop line-limit-length\"><span\n                                        class=\"property-title\">G\u00e5tilstand:&nbsp;<\/span><span\n                                        class=\"property-desc line-limit-length\">6 km\/t<\/span>\n                            <\/li>\n<li class=\"product-prop line-limit-length\"><span\n                                        class=\"property-title\">Nominel sp\u00e6nding:&nbsp;<\/span><span\n                                        class=\"property-desc line-limit-length\">36V<\/span>\n                            <\/li>\n<li class=\"product-prop line-limit-length\"><span\n                                        class=\"property-title\">Funktioner 01:&nbsp;<\/span><span\n                                        class=\"property-desc line-limit-length\">Elektrisk cykel<\/span>\n                            <\/li>\n<li class=\"product-prop line-limit-length\"><span\n                                        class=\"property-title\">Funktioner 02:&nbsp;<\/span><span\n                                        class=\"property-desc line-limit-length\">Elcykler<\/span>\n                            <\/li>\n<li class=\"product-prop line-limit-length\"><span\n                                        class=\"property-title\">Funktioner 03:&nbsp;<\/span><span\n                                        class=\"property-desc line-limit-length\">Tilbud p\u00e5 elcykler<\/span>\n                            <\/li>\n<li class=\"product-prop line-limit-length\"><span\n                                        class=\"property-title\">Funktioner 04:&nbsp;<\/span><span\n                                        class=\"property-desc line-limit-length\">Elcykler til voksne<\/span>\n                            <\/li>\n<li class=\"product-prop line-limit-length\"><span\n                                        class=\"property-title\">Funktioner 05:&nbsp;<\/span><span\n                                        class=\"property-desc line-limit-length\">Sammenklappelig cykel<\/span>\n                            <\/li>\n<li class=\"product-prop line-limit-length\"><span\n                                        class=\"property-title\">Funktioner 06:&nbsp;<\/span><span\n                                        class=\"property-desc line-limit-length\">Elcykler til voksne<\/span>\n                            <\/li>\n<li class=\"product-prop line-limit-length\"><span\n                                        class=\"property-title\">Funktioner 07:&nbsp;<\/span><span\n                                        class=\"property-desc line-limit-length\">Elektrisk elcykel<\/span>\n                            <\/li>\n<li class=\"product-prop line-limit-length\"><span\n                                        class=\"property-title\">Funktioner 09:&nbsp;<\/span><span\n                                        class=\"property-desc line-limit-length\">Billige cykler<\/span>\n                            <\/li>\n<\/ul><\/div>\n<p><\/p>\n<p style=\"font-family:&quot;Microsoft YaHei&quot;;font-size:medium;font-weight:400;letter-spacing:normal;text-align:start;white-space:normal;color:rgb(0, 0, 0)\" align=\"start\"><span style=\"font-size:x-large\">H\u00f8jdepunkter<\/span><\/p>\n<p><\/p>\n<p style=\"font-family:&quot;Microsoft YaHei&quot;;font-size:medium;font-weight:400;letter-spacing:normal;text-align:start;white-space:normal;color:rgb(0, 0, 0)\" align=\"start\"><strong>Effektiv midterdrevsmotor<br \/><\/strong>C1 elcyklen kan prale af en kraftfuld b\u00f8rstel\u00f8s centermotor, der leverer et drejningsmoment p\u00e5 70 Nm, en maksimal \u00f8jeblikkelig effekt p\u00e5 432 W og en tophastighed p\u00e5 25 km\/t. Den robuste centermotor har lavere rullemodstand og giver en mere effektiv kraftfordeling, hvilket muligg\u00f8r en l\u00e6ngere r\u00e6kkevidde og forbedret drejningsmoment til at k\u00f8re op ad bakker og erobre forskellige terr\u00e6ner.\u00a0<strong><\/p>\n<p>Stor<\/strong><strong><span>\u00a0<\/span><\/strong><strong>Aftageligt batteri<br \/><\/strong>Med et udskifteligt 522Wh lithium-ion-batteri kan C1 elcyklen ubesv\u00e6ret k\u00f8re 150 km (93,2 mi) pr. opladning i assistancetilstand, mere end nok til at klare din daglige pendling eller lange cykelture. Med C1-cyklen kan du cykle uden bekymring for r\u00e6kkevidde.<strong><br \/><\/strong><br \/><strong>27,5&quot; x 2,25&quot; brede d\u00e6k og 7-speed Shimano gear<br \/><\/strong>Med 27,5-tommer hjul kan C1 elcyklen nemt og stabilt forcere forhindringer p\u00e5 stier. De 2,25-tommer brede pneumatiske gummid\u00e6k giver bedre st\u00f8dabsorbering og mere vejgreb for en j\u00e6vn tur i varieret terr\u00e6n. Udstyret med en professionel 7-speed Shimano-gearskifter lader den dig nyde sp\u00e6ndingen ved variabel hastighed og suse gennem vejene med lethed. Oplev en hurtig, ubesv\u00e6ret og forn\u00f8jelig tur med C1.<strong><br \/><\/strong><br \/><strong>Hydraulisk affjedring<\/strong><strong><span>\u00a0<\/span><\/strong><strong>&amp;<\/strong><strong><span>\u00a0<\/span><\/strong><strong>Hydrauliske skivebremser<br \/><\/strong>Den hydrauliske affjedring er mere responsiv end andre affjedringssystemer, hvilket giver dig en mere j\u00e6vn og fast k\u00f8rsel. Med lockout-designet kan du l\u00e5se affjedringen for en hurtig k\u00f8rsel p\u00e5 flade veje og l\u00e5se den op for en komfortabel k\u00f8rsel p\u00e5 uj\u00e6vne veje. De hydrauliske skivebremser giver bedre kontrol og \u00f8get bremsekraft. De spreder varmen mere j\u00e6vnt og har en tendens til at holde l\u00e6ngere end traditionelle mekaniske bremser, hvilket muligg\u00f8r en mere sikker og udholdende k\u00f8rsel.<strong><br \/><\/strong><br \/><strong>Smart LCD-styring og<\/strong><strong><span>\u00a0<\/span><\/strong><strong>5<\/strong><strong><span>\u00a0<\/span><\/strong><strong>Assistanceniveauer<br \/><\/strong>C1 leveres med et intelligent LCD-display, der holder dig opdateret med vigtige data, s\u00e5som realtidshastighed, tilbagelagt distance og batteriniveau, og som giver dig mulighed for nemt at skifte mellem 5 pedalassistanceniveauer, herunder 12, 15, 18, 21 og 25 km\/t, samt aktivere 6 km\/t gangtilstand og mere.<strong><br \/><\/strong><br \/><strong>Justerbar frempind og StVZO-certificeret lys<br \/><\/strong>Med en justerbar frempind kan du tilpasse vinklen og h\u00f8jden p\u00e5 dit styr for at opn\u00e5 den mest komfortable k\u00f8restilling. Vores StVZO-certificerede cykellygte er designet til at opfylde de strenge regler i den tyske f\u00e6rdselslovgivning med en str\u00e5le, der er formet til at \u00f8ge synligheden p\u00e5 vejen og undg\u00e5 at bl\u00e6nde andre trafikanter, hvilket g\u00f8r vejene mere sikre for alle. Derudover minimerer denne cykellygte lysforurening og giver en mere p\u00e5lidelig og milj\u00f8venlig belysningsl\u00f8sning for cyklister.<\/p>\n<p><\/p>\n<h2 style=\"font-family:&quot;Microsoft YaHei&quot;;font-size:14px;letter-spacing:normal;text-align:start;white-space:normal;color:rgb(0, 0, 0);margin:10px 0px;margin-bottom:10px;margin-top:10px;margin-left:0px;margin-right:0px;padding:0px;padding-bottom:0px;padding-top:0px;padding-left:0px;padding-right:0px\" align=\"start\">Specifikation<\/h2>\n<p><\/p>\n<table style=\"border-collapse:collapse;font-family:&quot;Microsoft YaHei&quot;\" border=\"1\" cellpadding=\"8\">\n<tbody>\n<tr>\n<td style=\"width:98px\" width=\"98\">\n<p>Generel<\/p>\n<\/td>\n<td style=\"width:458px\" width=\"458\">\n<p>M\u00e6rke: Eleglide<br \/>Model: C1, C1 ST<br \/>Farve: Bl\u00e5<\/p>\n<\/td>\n<\/tr>\n<tr>\n<td style=\"width:98px\" width=\"98\">\n<p>Grundl\u00e6ggende specifikation<\/p>\n<\/td>\n<td style=\"width:458px\" width=\"458\">\n<p>Nettov\u00e6gt: 25,5 kg<br \/>Udfoldet st\u00f8rrelse: 1840x660x1170mm<br \/>Rammens st\u00f8rrelse: 61 cm x 46 cm<br \/>Styrl\u00e6ngde: 660 mm (26&quot;, uden grebsbeskyttere), 680 mm (26,8&quot;, med grebsbeskyttere)<br \/>Sadlens h\u00f8jde (fra jorden): 89-101 cm<br \/>Anbefalet rytterh\u00f8jde: 170-200 cm (ca. 170-180 cm)<br \/>Maksimal belastning p\u00e5 cykel: 120 kg<br \/>Afsk\u00e6ringshastighed: 25 km\/t<br \/>Maks. r\u00e6kkevidde: 150 km (assistancetilstand)<br \/>Pedalhj\u00e6lpsniveauer: 12\/15\/18\/21\/25 km\/t<br \/>G\u00e5tilstand: 6 km\/t<br \/>Vandt\u00e6thedsniveau: IPX5<br \/>Materiale: Aluminiumlegering (AL6061)<br \/>Bremsesystem: Hydrauliske skivebremser og Power-off-design<br \/>Affjedring: Hydraulisk affjedring med lockout<\/p>\n<\/td>\n<\/tr>\n<tr>\n<td style=\"width:98px\" width=\"98\">\n<p>Motor<\/p>\n<\/td>\n<td style=\"width:458px\" width=\"458\">\n<p>Type: Mellemdrevsmotor<br \/>Nominel sp\u00e6nding: 36V<br \/>Maksimal \u00f8jeblikkelig effekt: 432W<br \/>Maks. omdrejninger: 114<br \/>Maks. udgangsmoment: 70 Nm<\/p>\n<\/td>\n<\/tr>\n<tr>\n<td style=\"width:98px\" width=\"98\">\n<p>Gearskifter<\/p>\n<\/td>\n<td style=\"width:458px\" width=\"458\">\n<p>M\u00e6rke: Shimano<br \/>Antal gear: 7 (baggear)<\/p>\n<\/td>\n<\/tr>\n<tr>\n<td style=\"width:98px\" width=\"98\">\n<p>Batteri<\/p>\n<\/td>\n<td style=\"width:458px\" width=\"458\">\n<p>Kapacitet: 14,5 Ah<br \/>Sp\u00e6nding: 36V<br \/>Opladningstid: 7,5 timer<br \/>Str\u00f8mkapacitet: 522 Wh<br \/>Beskyttelsessystem: Ja<\/p>\n<\/td>\n<\/tr>\n<tr>\n<td style=\"width:98px\" width=\"98\">\n<p>Oplader<\/p>\n<\/td>\n<td style=\"width:458px\" width=\"458\">\n<p>Indgang: 100-240V, \u22641,8A<br \/>Udgang: 42V, 2A<\/p>\n<\/td>\n<\/tr>\n<tr>\n<td style=\"width:98px\" width=\"98\">\n<p>D\u00e6k<\/p>\n<\/td>\n<td style=\"width:458px\" width=\"458\">\n<p>M\u00e6rke: CST<br \/>St\u00f8rrelse: 61 cm x 6 cm<br \/>Type: Pneumatiske gummid\u00e6k<br \/>D\u00e6ktryk: 40-70PSI\u00a0<br \/>Bedste d\u00e6ktryk: 55-60PSI<\/p>\n<\/td>\n<\/tr>\n<tr>\n<td style=\"width:98px\" width=\"98\">\n<p>Vise<\/p>\n<\/td>\n<td style=\"width:458px\" width=\"458\">\n<p>St\u00f8rrelse: 1,8&quot;<br \/>Type: LCD<br \/>Information: Hastighed, Batteriniveau, Tripdistance\/kilometert\u00e6ller, Assistanceniveau, Gangtilstand, Lysmarkering, Bremsemarkering<br \/>Funktioner: T\u00e6nd\/sluk, t\u00e6nd\/sluk lys, skift af assistanceniveauer, aktivering af gangtilstand, sletning af turdata, indstilling af sk\u00e6rmtimeout osv.<\/p>\n<\/td>\n<\/tr>\n<tr>\n<td style=\"width:98px\" width=\"98\">\n<p>Pakke<\/p>\n<\/td>\n<td style=\"width:458px\" width=\"458\">\n<p>St\u00f8rrelse: 1590x250x800mm<br \/>Bruttov\u00e6gt: 30 kg<\/p>\n<\/td>\n<\/tr>\n<tr>\n<td style=\"width:98px\" width=\"98\">\n<p>Pakkeliste<\/p>\n<\/td>\n<td style=\"width:458px\" width=\"458\">\n<p>1 x Elcykel 1 x Brugermanual<br \/>1 x Oplader 2 x Pedal (venstre og h\u00f8jre)<br \/>1 x Baglygte 4 x Egerreflektor<br \/>1 x Forlygte 1 x Sadel<br \/>1 x LCD-sk\u00e6rm 2 x n\u00f8gle<br \/>1 x V\u00e6rkt\u00f8jss\u00e6t<\/p>\n<\/td>\n<\/tr>\n<tr>\n<td style=\"width:556px\" width=\"556\" colspan=\"2\">\n<p>Bem\u00e6rk: Den maksimale r\u00e6kkevidde opn\u00e5s under f\u00f8lgende forhold: 75 kg belastning, 26 \u2103 temperatur, 15 km\/t konstant hastighed, p\u00e5 flade veje uden st\u00e6rk vind.<\/p>\n<\/td>\n<\/tr>\n<\/tbody>\n<\/table>\n<p><img decoding=\"async\" src=\"https:\/\/ae01.alicdn.com\/kf\/Sa72b7df8047a4e3092fb426e8cd7b35bf.jpeg\" slate-data-type=\"image\"\/><img decoding=\"async\" src=\"https:\/\/ae01.alicdn.com\/kf\/Sfc8e54d455e64a12a078ce2bf264128f9.jpeg\" slate-data-type=\"image\"\/><img decoding=\"async\" src=\"https:\/\/ae01.alicdn.com\/kf\/Sccb04e8e7b27411db63c158cc6b6118bQ.jpeg\" slate-data-type=\"image\"\/><img decoding=\"async\" src=\"https:\/\/ae01.alicdn.com\/kf\/S69cfafd31ee140468ae93a0915796541Q.jpeg\" slate-data-type=\"image\"\/><img decoding=\"async\" src=\"https:\/\/ae01.alicdn.com\/kf\/Sefd98842256e4fe0915a9c77a5f8b497G.jpeg\" slate-data-type=\"image\"\/><img decoding=\"async\" src=\"https:\/\/ae01.alicdn.com\/kf\/S2ac5afee914a441eb50da2f224d55354Y.jpeg\" slate-data-type=\"image\"\/><img decoding=\"async\" src=\"https:\/\/ae01.alicdn.com\/kf\/S0f6c2b943b3c4dd283fc0172108dea97k.jpeg\" slate-data-type=\"image\"\/><img decoding=\"async\" src=\"https:\/\/ae01.alicdn.com\/kf\/S9c3e7819ba3f4a528b1a705f08f3b570p.jpeg\" slate-data-type=\"image\"\/><img decoding=\"async\" src=\"https:\/\/ae01.alicdn.com\/kf\/S1ab11ecd6e15417a998be932eb16c65cD.jpeg\" slate-data-type=\"image\"\/><img decoding=\"async\" src=\"https:\/\/ae01.alicdn.com\/kf\/S4fded29516e1435f828a510e1d6ec3e8w.jpeg\" slate-data-type=\"image\"\/><img decoding=\"async\" src=\"https:\/\/ae01.alicdn.com\/kf\/S9087bdc3dc3f4bdea4e8bdec4b011129J.jpeg\" slate-data-type=\"image\"\/><img decoding=\"async\" src=\"https:\/\/ae01.alicdn.com\/kf\/S616c60114d0f4b36bdd5e91bbdc82afex.jpeg\" slate-data-type=\"image\"\/><img decoding=\"async\" src=\"https:\/\/ae01.alicdn.com\/kf\/Sa8d8508ca02446a6bf11510fd5ec417ef.jpeg\" slate-data-type=\"image\"\/><img decoding=\"async\" src=\"https:\/\/ae01.alicdn.com\/kf\/Seb20199599334db68e8816da9a67d402c.jpeg\" slate-data-type=\"image\"\/><img decoding=\"async\" src=\"https:\/\/ae01.alicdn.com\/kf\/Sf21826452b5e4a19bdd8cd5171caa139i.jpeg\" slate-data-type=\"image\"\/><img decoding=\"async\" src=\"https:\/\/ae01.alicdn.com\/kf\/S91b676420049452d855855b3d8a7b3327.jpeg\" slate-data-type=\"image\"\/><\/p>","protected":false},"excerpt":{"rendered":"<p>Bike Suspension Types:&nbsp;Sturdy Braking System:&nbsp;Front and Rear Mechanical Disc Brake Wheel Size:&nbsp;27.5&#039;&#039; Brand:&nbsp;Eleglide Net Weight:&nbsp;5.5kg Size of Frame:&nbsp;27.5&quot; x 19&quot; Max Load of Bike:&nbsp;120kg Cut-off Speed:&nbsp;25km\/h Max Range:&nbsp;150km (Assist Mode)<\/p>","protected":false},"featured_media":21591,"comment_status":"open","ping_status":"closed","template":"","meta":{"_acf_changed":false},"product_brand":[],"product_cat":[230],"product_tag":[],"class_list":{"0":"post-21590","1":"product","2":"type-product","3":"status-publish","4":"has-post-thumbnail","6":"product_cat-bikes","8":"first","9":"instock","10":"shipping-taxable","11":"purchasable","12":"product-type-variable"},"acf":[],"_links":{"self":[{"href":"https:\/\/electricstore.eu\/da\/wp-json\/wp\/v2\/product\/21590","targetHints":{"allow":["GET"]}}],"collection":[{"href":"https:\/\/electricstore.eu\/da\/wp-json\/wp\/v2\/product"}],"about":[{"href":"https:\/\/electricstore.eu\/da\/wp-json\/wp\/v2\/types\/product"}],"replies":[{"embeddable":true,"href":"https:\/\/electricstore.eu\/da\/wp-json\/wp\/v2\/comments?post=21590"}],"wp:featuredmedia":[{"embeddable":true,"href":"https:\/\/electricstore.eu\/da\/wp-json\/wp\/v2\/media\/21591"}],"wp:attachment":[{"href":"https:\/\/electricstore.eu\/da\/wp-json\/wp\/v2\/media?parent=21590"}],"wp:term":[{"taxonomy":"product_brand","embeddable":true,"href":"https:\/\/electricstore.eu\/da\/wp-json\/wp\/v2\/product_brand?post=21590"},{"taxonomy":"product_cat","embeddable":true,"href":"https:\/\/electricstore.eu\/da\/wp-json\/wp\/v2\/product_cat?post=21590"},{"taxonomy":"product_tag","embeddable":true,"href":"https:\/\/electricstore.eu\/da\/wp-json\/wp\/v2\/product_tag?post=21590"}],"curies":[{"name":"wp","href":"https:\/\/api.w.org\/{rel}","templated":true}]}}